{"id":786,"date":"2020-08-25T12:40:50","date_gmt":"2020-08-25T12:40:50","guid":{"rendered":"http:\/\/au2-maisondhotes.com\/?page_id=786"},"modified":"2020-08-25T14:12:09","modified_gmt":"2020-08-25T14:12:09","slug":"prologue","status":"publish","type":"page","link":"https:\/\/au2-maisondhotes.com\/en\/prologue\/","title":{"rendered":"Prologue"},"content":{"rendered":"<div data-elementor-type=\"wp-page\" data-elementor-id=\"786\" class=\"elementor elementor-786\">\n\t\t\t\t\t\t<div class=\"elementor-inner\">\n\t\t\t\t<div class=\"elementor-section-wrap\">\n\t\t\t\t\t\t\t\t\t<section class=\"elementor-section elementor-top-section elementor-element elementor-element-ba181d6 elementor-section-boxed elementor-section-height-default elementor-section-height-default\" data-id=\"ba181d6\" data-element_type=\"section\" data-settings=\"{&quot;_ha_eqh_enable&quot;:false}\">\n\t\t\t\t\t\t<div class=\"elementor-container elementor-column-gap-default\">\n\t\t\t\t\t\t\t<div class=\"elementor-row\">\n\t\t\t\t\t<div class=\"elementor-column elementor-col-100 elementor-top-column elementor-element elementor-element-04cbf0a\" data-id=\"04cbf0a\" data-element_type=\"column\">\n\t\t\t<div class=\"elementor-column-wrap elementor-element-populated\">\n\t\t\t\t\t\t\t<div class=\"elementor-widget-wrap\">\n\t\t\t\t\t\t<div class=\"elementor-element elementor-element-5fb965c elementor-widget elementor-widget-heading\" data-id=\"5fb965c\" data-element_type=\"widget\" data-widget_type=\"heading.default\">\n\t\t\t\t<div class=\"elementor-widget-container\">\n\t\t\t<h2 class=\"elementor-heading-title elementor-size-default\">Prologue<\/h2>\t\t<\/div>\n\t\t\t\t<\/div>\n\t\t\t\t\t\t<\/div>\n\t\t\t\t\t<\/div>\n\t\t<\/div>\n\t\t\t\t\t\t\t\t<\/div>\n\t\t\t\t\t<\/div>\n\t\t<\/section>\n\t\t\t\t<section class=\"elementor-section elementor-top-section elementor-element elementor-element-e79a6aa elementor-section-boxed elementor-section-height-default elementor-section-height-default\" data-id=\"e79a6aa\" data-element_type=\"section\" data-settings=\"{&quot;_ha_eqh_enable&quot;:false}\">\n\t\t\t\t\t\t<div class=\"elementor-container elementor-column-gap-default\">\n\t\t\t\t\t\t\t<div class=\"elementor-row\">\n\t\t\t\t\t<div class=\"elementor-column elementor-col-100 elementor-top-column elementor-element elementor-element-6243ec5\" data-id=\"6243ec5\" data-element_type=\"column\">\n\t\t\t<div class=\"elementor-column-wrap elementor-element-populated\">\n\t\t\t\t\t\t\t<div class=\"elementor-widget-wrap\">\n\t\t\t\t\t\t<section class=\"elementor-section elementor-inner-section elementor-element elementor-element-e220c29 elementor-section-boxed elementor-section-height-default elementor-section-height-default\" data-id=\"e220c29\" data-element_type=\"section\" data-settings=\"{&quot;_ha_eqh_enable&quot;:false}\">\n\t\t\t\t\t\t<div class=\"elementor-container elementor-column-gap-default\">\n\t\t\t\t\t\t\t<div class=\"elementor-row\">\n\t\t\t\t\t<div class=\"elementor-column elementor-col-50 elementor-inner-column elementor-element elementor-element-d499c65\" data-id=\"d499c65\" data-element_type=\"column\">\n\t\t\t<div class=\"elementor-column-wrap elementor-element-populated\">\n\t\t\t\t\t\t\t<div class=\"elementor-widget-wrap\">\n\t\t\t\t\t\t<div class=\"elementor-element elementor-element-9161770 elementor-widget elementor-widget-text-editor\" data-id=\"9161770\" data-element_type=\"widget\" data-widget_type=\"text-editor.default\">\n\t\t\t\t<div class=\"elementor-widget-container\">\n\t\t\t\t\t\t\t\t<div class=\"elementor-text-editor elementor-clearfix\">\n\t\t\t\t<p class=\" translation-block\">It all starts under a beautiful bell and a glittery latch. \nSometimes, you just have to walk across a portal to reach a new world.  \nThe Au2 Guesthouse opens like a theatrical set where every day displays a new spectacle...\nAnd like a munificent apparition, the red carmine fa\u00e7ade reveals itself to the amazed bystander, surrounded by a verderous and blooming garden and an atmosphere of serenity.<\/p><p class=\" translation-block\">A venue of creativity, an authentic, magical and spiritual heavens. All the details are thoughtout by William and Sebastien to invite the Guests into a tranquil bubble. \nThe paved courtyard paths may take you to the Himalayas Spa, set in an ancient forge and entirely created with the colors and flavours of Tibet. \nOther pathways then lead you to the 3 Suites, with evocative names: \u00ab Legends \u00bb, \u00ab Voltige \u00bb(Aerobatics) and \u00ab Premi\u00e8re Loge \u00bb (1st Lodge)\nThe guests are surprised by the generous volumes of the Suites, and the spectacular and theatrical decoration.<\/p>\t\t\t\t\t<\/div>\n\t\t\t\t\t\t<\/div>\n\t\t\t\t<\/div>\n\t\t\t\t\t\t<\/div>\n\t\t\t\t\t<\/div>\n\t\t<\/div>\n\t\t\t\t<div class=\"elementor-column elementor-col-50 elementor-inner-column elementor-element elementor-element-1850644\" data-id=\"1850644\" data-element_type=\"column\">\n\t\t\t<div class=\"elementor-column-wrap elementor-element-populated\">\n\t\t\t\t\t\t\t<div class=\"elementor-widget-wrap\">\n\t\t\t\t\t\t<div class=\"elementor-element elementor-element-da49a5c elementor-widget elementor-widget-ha-justified-gallery happy-addon ha-justified-gallery\" data-id=\"da49a5c\" data-element_type=\"widget\" data-settings=\"{&quot;row_height&quot;:{&quot;unit&quot;:&quot;px&quot;,&quot;size&quot;:150,&quot;sizes&quot;:[]},&quot;margins&quot;:{&quot;unit&quot;:&quot;px&quot;,&quot;size&quot;:10,&quot;sizes&quot;:[]},&quot;last_row&quot;:&quot;justify&quot;,&quot;enable_popup&quot;:&quot;yes&quot;}\" data-widget_type=\"ha-justified-gallery.default\">\n\t\t\t\t<div class=\"elementor-widget-container\">\n\t\t\t\n\t\t<div class=\"ha-justified-grid__wrap hajs-justified-grid\">\n\t\t\t\t\t\t\t<a href=\"#\" data-mfp-src=\"https:\/\/au2-maisondhotes.com\/wp-content\/uploads\/2020\/08\/E-15-1024x720.jpg\" class=\"ha-justified-grid__item ha-js-lightbox __fltr-1\" title=\"\">\n\t\t\t\t\t<img loading=\"lazy\" decoding=\"async\" width=\"768\" height=\"540\" src=\"https:\/\/au2-maisondhotes.com\/wp-content\/uploads\/2020\/08\/E-15-768x540.jpg\" class=\"elementor-animation-grow\" alt=\"\" srcset=\"https:\/\/au2-maisondhotes.com\/wp-content\/uploads\/2020\/08\/E-15-768x540.jpg 768w, https:\/\/au2-maisondhotes.com\/wp-content\/uploads\/2020\/08\/E-15-300x211.jpg 300w, https:\/\/au2-maisondhotes.com\/wp-content\/uploads\/2020\/08\/E-15-1024x720.jpg 1024w, https:\/\/au2-maisondhotes.com\/wp-content\/uploads\/2020\/08\/E-15.jpg 1280w\" sizes=\"auto, (max-width: 768px) 100vw, 768px\" \/>\t\t\t\t<\/a>\n\t\t\t\t\t\t\t<a href=\"#\" data-mfp-src=\"https:\/\/au2-maisondhotes.com\/wp-content\/uploads\/2020\/08\/entr\u00e9e-maison-au2.jpg\" class=\"ha-justified-grid__item ha-js-lightbox __fltr-1\" title=\"\">\n\t\t\t\t\t<img loading=\"lazy\" decoding=\"async\" width=\"768\" height=\"516\" src=\"https:\/\/au2-maisondhotes.com\/wp-content\/uploads\/2020\/08\/entr\u00e9e-maison-au2-768x516.jpg\" class=\"elementor-animation-grow\" alt=\"\" srcset=\"https:\/\/au2-maisondhotes.com\/wp-content\/uploads\/2020\/08\/entr\u00e9e-maison-au2-768x516.jpg 768w, https:\/\/au2-maisondhotes.com\/wp-content\/uploads\/2020\/08\/entr\u00e9e-maison-au2-300x202.jpg 300w, https:\/\/au2-maisondhotes.com\/wp-content\/uploads\/2020\/08\/entr\u00e9e-maison-au2.jpg 913w\" sizes=\"auto, (max-width: 768px) 100vw, 768px\" \/>\t\t\t\t<\/a>\n\t\t\t\t\t\t\t<a href=\"#\" data-mfp-src=\"https:\/\/au2-maisondhotes.com\/wp-content\/uploads\/2020\/08\/au2-porte-1.jpg\" class=\"ha-justified-grid__item ha-js-lightbox __fltr-1\" title=\"\">\n\t\t\t\t\t<img loading=\"lazy\" decoding=\"async\" width=\"768\" height=\"510\" src=\"https:\/\/au2-maisondhotes.com\/wp-content\/uploads\/2020\/08\/au2-porte-1-768x510.jpg\" class=\"elementor-animation-grow\" alt=\"\" srcset=\"https:\/\/au2-maisondhotes.com\/wp-content\/uploads\/2020\/08\/au2-porte-1-768x510.jpg 768w, https:\/\/au2-maisondhotes.com\/wp-content\/uploads\/2020\/08\/au2-porte-1-300x199.jpg 300w, https:\/\/au2-maisondhotes.com\/wp-content\/uploads\/2020\/08\/au2-porte-1.jpg 927w\" sizes=\"auto, (max-width: 768px) 100vw, 768px\" \/>\t\t\t\t<\/a>\n\t\t\t\t\t\t\t<a href=\"#\" data-mfp-src=\"https:\/\/au2-maisondhotes.com\/wp-content\/uploads\/2020\/08\/E-12-1024x683.jpg\" class=\"ha-justified-grid__item ha-js-lightbox __fltr-1\" title=\"\">\n\t\t\t\t\t<img loading=\"lazy\" decoding=\"async\" width=\"768\" height=\"512\" src=\"https:\/\/au2-maisondhotes.com\/wp-content\/uploads\/2020\/08\/E-12-768x512.jpg\" class=\"elementor-animation-grow\" alt=\"\" srcset=\"https:\/\/au2-maisondhotes.com\/wp-content\/uploads\/2020\/08\/E-12-768x512.jpg 768w, https:\/\/au2-maisondhotes.com\/wp-content\/uploads\/2020\/08\/E-12-300x200.jpg 300w, https:\/\/au2-maisondhotes.com\/wp-content\/uploads\/2020\/08\/E-12-1024x683.jpg 1024w, https:\/\/au2-maisondhotes.com\/wp-content\/uploads\/2020\/08\/E-12-1536x1025.jpg 1536w, https:\/\/au2-maisondhotes.com\/wp-content\/uploads\/2020\/08\/E-12.jpg 2000w\" sizes=\"auto, (max-width: 768px) 100vw, 768px\" \/>\t\t\t\t<\/a>\n\t\t\t\t\t\t\t<a href=\"#\" data-mfp-src=\"https:\/\/au2-maisondhotes.com\/wp-content\/uploads\/2020\/08\/PE-18-1024x683.jpg\" class=\"ha-justified-grid__item ha-js-lightbox __fltr-1\" title=\"\">\n\t\t\t\t\t<img loading=\"lazy\" decoding=\"async\" width=\"768\" height=\"512\" src=\"https:\/\/au2-maisondhotes.com\/wp-content\/uploads\/2020\/08\/PE-18-768x512.jpg\" class=\"elementor-animation-grow\" alt=\"\" srcset=\"https:\/\/au2-maisondhotes.com\/wp-content\/uploads\/2020\/08\/PE-18-768x512.jpg 768w, https:\/\/au2-maisondhotes.com\/wp-content\/uploads\/2020\/08\/PE-18-300x200.jpg 300w, https:\/\/au2-maisondhotes.com\/wp-content\/uploads\/2020\/08\/PE-18-1024x683.jpg 1024w, https:\/\/au2-maisondhotes.com\/wp-content\/uploads\/2020\/08\/PE-18-1536x1024.jpg 1536w, https:\/\/au2-maisondhotes.com\/wp-content\/uploads\/2020\/08\/PE-18.jpg 2048w\" sizes=\"auto, (max-width: 768px) 100vw, 768px\" \/>\t\t\t\t<\/a>\n\t\t\t\t\t\t\t<a href=\"#\" data-mfp-src=\"https:\/\/au2-maisondhotes.com\/wp-content\/uploads\/2020\/08\/PE-27-1024x688.jpg\" class=\"ha-justified-grid__item ha-js-lightbox __fltr-1\" title=\"\">\n\t\t\t\t\t<img loading=\"lazy\" decoding=\"async\" width=\"768\" height=\"516\" src=\"https:\/\/au2-maisondhotes.com\/wp-content\/uploads\/2020\/08\/PE-27-768x516.jpg\" class=\"elementor-animation-grow\" alt=\"\" srcset=\"https:\/\/au2-maisondhotes.com\/wp-content\/uploads\/2020\/08\/PE-27-768x516.jpg 768w, https:\/\/au2-maisondhotes.com\/wp-content\/uploads\/2020\/08\/PE-27-300x202.jpg 300w, https:\/\/au2-maisondhotes.com\/wp-content\/uploads\/2020\/08\/PE-27-1024x688.jpg 1024w, https:\/\/au2-maisondhotes.com\/wp-content\/uploads\/2020\/08\/PE-27-1536x1032.jpg 1536w, https:\/\/au2-maisondhotes.com\/wp-content\/uploads\/2020\/08\/PE-27.jpg 1920w\" sizes=\"auto, (max-width: 768px) 100vw, 768px\" \/>\t\t\t\t<\/a>\n\t\t\t\t\t<\/div>\n\n\t\t\t\t<\/div>\n\t\t\t\t<\/div>\n\t\t\t\t\t\t<\/div>\n\t\t\t\t\t<\/div>\n\t\t<\/div>\n\t\t\t\t\t\t\t\t<\/div>\n\t\t\t\t\t<\/div>\n\t\t<\/section>\n\t\t\t\t<div class=\"elementor-element elementor-element-cbbbda9 elementor-widget elementor-widget-text-editor\" data-id=\"cbbbda9\" data-element_type=\"widget\" data-widget_type=\"text-editor.default\">\n\t\t\t\t<div class=\"elementor-widget-container\">\n\t\t\t\t\t\t\t\t<div class=\"elementor-text-editor elementor-clearfix\">\n\t\t\t\t<p class=\" translation-block\">And then, in the Au2 Gardens, you sit peacefully on a rustic chair, observe and enjoy the enchanted landscapes within a resplendent tranquillity\nA painter who would pass by, would feel untroubled, and would set up his bridge and brushes for sure. \nIt is a whirlwind of sensations and melodious sounds that mingle with lights and colors. These surroundings peacefully capture your senses, when one lingers to wander in this scene that imbues the stroller with its divine joy of life...\nAt nightfall, this beautiful garden changes its outfit and sings another symphony, sprinkled with twinklings, and secretly reveals the thousand and one details of the magic painting. \nSo, now close your eyes, and imagine ...<\/p>\t\t\t\t\t<\/div>\n\t\t\t\t\t\t<\/div>\n\t\t\t\t<\/div>\n\t\t\t\t\t\t<\/div>\n\t\t\t\t\t<\/div>\n\t\t<\/div>\n\t\t\t\t\t\t\t\t<\/div>\n\t\t\t\t\t<\/div>\n\t\t<\/section>\n\t\t\t\t<section class=\"elementor-section elementor-top-section elementor-element elementor-element-89053df elementor-section-boxed elementor-section-height-default elementor-section-height-default\" data-id=\"89053df\" data-element_type=\"section\" data-settings=\"{&quot;_ha_eqh_enable&quot;:false}\">\n\t\t\t\t\t\t<div class=\"elementor-container elementor-column-gap-no\">\n\t\t\t\t\t\t\t<div class=\"elementor-row\">\n\t\t\t\t\t<div class=\"elementor-column elementor-col-100 elementor-top-column elementor-element elementor-element-b7ca855\" data-id=\"b7ca855\" data-element_type=\"column\">\n\t\t\t<div class=\"elementor-column-wrap elementor-element-populated\">\n\t\t\t\t\t\t\t<div class=\"elementor-widget-wrap\">\n\t\t\t\t\t\t<div class=\"elementor-element elementor-element-7b08c08 elementor-view-default elementor-widget elementor-widget-icon\" data-id=\"7b08c08\" data-element_type=\"widget\" data-widget_type=\"icon.default\">\n\t\t\t\t<div class=\"elementor-widget-container\">\n\t\t\t\t\t<div class=\"elementor-icon-wrapper\">\n\t\t\t<div class=\"elementor-icon\">\n\t\t\t<i aria-hidden=\"true\" class=\"fas fa-quote-left\"><\/i>\t\t\t<\/div>\n\t\t<\/div>\n\t\t\t\t<\/div>\n\t\t\t\t<\/div>\n\t\t\t\t<div class=\"elementor-element elementor-element-04f6cb9 elementor-widget elementor-widget-heading\" data-id=\"04f6cb9\" data-element_type=\"widget\" data-widget_type=\"heading.default\">\n\t\t\t\t<div class=\"elementor-widget-container\">\n\t\t\t<h3 class=\"elementor-heading-title elementor-size-medium\">Au2, in the land of resourcefulness and  imagination, you do not necessarily come back by chance, but because now you know!<\/h3>\t\t<\/div>\n\t\t\t\t<\/div>\n\t\t\t\t\t\t<\/div>\n\t\t\t\t\t<\/div>\n\t\t<\/div>\n\t\t\t\t\t\t\t\t<\/div>\n\t\t\t\t\t<\/div>\n\t\t<\/section>\n\t\t\t\t<section class=\"elementor-section elementor-top-section elementor-element elementor-element-4f3cd62 elementor-section-boxed elementor-section-height-default elementor-section-height-default\" data-id=\"4f3cd62\" data-element_type=\"section\" data-settings=\"{&quot;_ha_eqh_enable&quot;:false}\">\n\t\t\t\t\t\t<div class=\"elementor-container elementor-column-gap-default\">\n\t\t\t\t\t\t\t<div class=\"elementor-row\">\n\t\t\t\t\t<div class=\"elementor-column elementor-col-100 elementor-top-column elementor-element elementor-element-c2fffec\" data-id=\"c2fffec\" data-element_type=\"column\">\n\t\t\t<div class=\"elementor-column-wrap elementor-element-populated\">\n\t\t\t\t\t\t\t<div class=\"elementor-widget-wrap\">\n\t\t\t\t\t\t<div class=\"elementor-element elementor-element-7f7583e elementor-widget elementor-widget-spacer\" data-id=\"7f7583e\" data-element_type=\"widget\" data-widget_type=\"spacer.default\">\n\t\t\t\t<div class=\"elementor-widget-container\">\n\t\t\t\t\t<div class=\"elementor-spacer\">\n\t\t\t<div class=\"elementor-spacer-inner\"><\/div>\n\t\t<\/div>\n\t\t\t\t<\/div>\n\t\t\t\t<\/div>\n\t\t\t\t\t\t<\/div>\n\t\t\t\t\t<\/div>\n\t\t<\/div>\n\t\t\t\t\t\t\t\t<\/div>\n\t\t\t\t\t<\/div>\n\t\t<\/section>\n\t\t\t\t\t\t\t\t\t<\/div>\n\t\t\t<\/div>\n\t\t\t\t\t<\/div>","protected":false},"excerpt":{"rendered":"<p>Prologue Tout commence au-dessous d\u2019une belle cloche et d\u2019un loquet paillet\u00e9. Il suffit parfois de franchir un porche pour changer de monde. La Maison d\u2019H\u00f4tes Au2 s\u2019ouvre comme un th\u00e9\u00e2tre o\u00f9 chaque jour est un spectacle\u2026Et comme une munificente apparition, la fa\u00e7ade rouge carmin se d\u00e9voile aux regards charm\u00e9s, entour\u00e9e d\u2019un \u00e9crin de verdure et &hellip;<\/p>\n<p class=\"read-more\"> <a class=\"\" href=\"https:\/\/au2-maisondhotes.com\/en\/prologue\/\"> <span class=\"screen-reader-text\">Prologue<\/span> Read More &raquo;<\/a><\/p>","protected":false},"author":1,"featured_media":0,"parent":0,"menu_order":0,"comment_status":"closed","ping_status":"closed","template":"","meta":{"site-sidebar-layout":"no-sidebar","site-content-layout":"page-builder","ast-global-header-display":"","ast-main-header-display":"","ast-hfb-above-header-display":"","ast-hfb-below-header-display":"","ast-hfb-mobile-header-display":"","site-post-title":"disabled","ast-breadcrumbs-content":"","ast-featured-img":"disabled","footer-sml-layout":"","theme-transparent-header-meta":"","adv-header-id-meta":"","stick-header-meta":"","header-above-stick-meta":"","header-main-stick-meta":"","header-below-stick-meta":"","footnotes":""},"class_list":["post-786","page","type-page","status-publish","hentry"],"yoast_head":"<!-- This site is optimized with the Yoast SEO plugin v20.1 - https:\/\/yoast.com\/wordpress\/plugins\/seo\/ -->\n<title>Prologue - Au2<\/title>\n<meta name=\"robots\" content=\"index, follow, max-snippet:-1, max-image-preview:large, max-video-preview:-1\" \/>\n<link rel=\"canonical\" href=\"https:\/\/au2-maisondhotes.com\/en\/prologue\/\" \/>\n<meta property=\"og:locale\" content=\"en_GB\" \/>\n<meta property=\"og:type\" content=\"article\" \/>\n<meta property=\"og:title\" content=\"Prologue - Au2\" \/>\n<meta property=\"og:description\" content=\"Prologue Tout commence au-dessous d\u2019une belle cloche et d\u2019un loquet paillet\u00e9. Il suffit parfois de franchir un porche pour changer de monde. La Maison d\u2019H\u00f4tes Au2 s\u2019ouvre comme un th\u00e9\u00e2tre o\u00f9 chaque jour est un spectacle\u2026Et comme une munificente apparition, la fa\u00e7ade rouge carmin se d\u00e9voile aux regards charm\u00e9s, entour\u00e9e d\u2019un \u00e9crin de verdure et &hellip; Prologue Read More &raquo;\" \/>\n<meta property=\"og:url\" content=\"https:\/\/au2-maisondhotes.com\/en\/prologue\/\" \/>\n<meta property=\"og:site_name\" content=\"Au2\" \/>\n<meta property=\"article:modified_time\" content=\"2020-08-25T14:12:09+00:00\" \/>\n<meta property=\"og:image\" content=\"http:\/\/au2-maisondhotes.com\/wp-content\/uploads\/2020\/08\/E-15-768x540.jpg\" \/>\n<meta name=\"twitter:card\" content=\"summary_large_image\" \/>\n<meta name=\"twitter:label1\" content=\"Estimated reading time\" \/>\n\t<meta name=\"twitter:data1\" content=\"2 minutes\" \/>\n<!-- \/ Yoast SEO plugin. -->","yoast_head_json":{"title":"Prologue - Au2","robots":{"index":"index","follow":"follow","max-snippet":"max-snippet:-1","max-image-preview":"max-image-preview:large","max-video-preview":"max-video-preview:-1"},"canonical":"https:\/\/au2-maisondhotes.com\/en\/prologue\/","og_locale":"en_GB","og_type":"article","og_title":"Prologue - Au2","og_description":"Prologue Tout commence au-dessous d\u2019une belle cloche et d\u2019un loquet paillet\u00e9. Il suffit parfois de franchir un porche pour changer de monde. La Maison d\u2019H\u00f4tes Au2 s\u2019ouvre comme un th\u00e9\u00e2tre o\u00f9 chaque jour est un spectacle\u2026Et comme une munificente apparition, la fa\u00e7ade rouge carmin se d\u00e9voile aux regards charm\u00e9s, entour\u00e9e d\u2019un \u00e9crin de verdure et &hellip; Prologue Read More &raquo;","og_url":"https:\/\/au2-maisondhotes.com\/en\/prologue\/","og_site_name":"Au2","article_modified_time":"2020-08-25T14:12:09+00:00","og_image":[{"url":"http:\/\/au2-maisondhotes.com\/wp-content\/uploads\/2020\/08\/E-15-768x540.jpg"}],"twitter_card":"summary_large_image","twitter_misc":{"Estimated reading time":"2 minutes"},"schema":{"@context":"https:\/\/schema.org","@graph":[{"@type":"WebPage","@id":"https:\/\/au2-maisondhotes.com\/prologue\/","url":"https:\/\/au2-maisondhotes.com\/prologue\/","name":"Prologue - Au2","isPartOf":{"@id":"https:\/\/au2-maisondhotes.com\/#website"},"datePublished":"2020-08-25T12:40:50+00:00","dateModified":"2020-08-25T14:12:09+00:00","breadcrumb":{"@id":"https:\/\/au2-maisondhotes.com\/prologue\/#breadcrumb"},"inLanguage":"en-GB","potentialAction":[{"@type":"ReadAction","target":["https:\/\/au2-maisondhotes.com\/prologue\/"]}]},{"@type":"BreadcrumbList","@id":"https:\/\/au2-maisondhotes.com\/prologue\/#breadcrumb","itemListElement":[{"@type":"ListItem","position":1,"name":"Accueil","item":"https:\/\/au2-maisondhotes.com\/"},{"@type":"ListItem","position":2,"name":"Prologue"}]},{"@type":"WebSite","@id":"https:\/\/au2-maisondhotes.com\/#website","url":"https:\/\/au2-maisondhotes.com\/","name":"Au2","description":"Maison d&#039;h\u00f4tes","potentialAction":[{"@type":"SearchAction","target":{"@type":"EntryPoint","urlTemplate":"https:\/\/au2-maisondhotes.com\/?s={search_term_string}"},"query-input":"required name=search_term_string"}],"inLanguage":"en-GB"}]}},"_links":{"self":[{"href":"https:\/\/au2-maisondhotes.com\/en\/wp-json\/wp\/v2\/pages\/786","targetHints":{"allow":["GET"]}}],"collection":[{"href":"https:\/\/au2-maisondhotes.com\/en\/wp-json\/wp\/v2\/pages"}],"about":[{"href":"https:\/\/au2-maisondhotes.com\/en\/wp-json\/wp\/v2\/types\/page"}],"author":[{"embeddable":true,"href":"https:\/\/au2-maisondhotes.com\/en\/wp-json\/wp\/v2\/users\/1"}],"replies":[{"embeddable":true,"href":"https:\/\/au2-maisondhotes.com\/en\/wp-json\/wp\/v2\/comments?post=786"}],"version-history":[{"count":13,"href":"https:\/\/au2-maisondhotes.com\/en\/wp-json\/wp\/v2\/pages\/786\/revisions"}],"predecessor-version":[{"id":808,"href":"https:\/\/au2-maisondhotes.com\/en\/wp-json\/wp\/v2\/pages\/786\/revisions\/808"}],"wp:attachment":[{"href":"https:\/\/au2-maisondhotes.com\/en\/wp-json\/wp\/v2\/media?parent=786"}],"curies":[{"name":"wp","href":"https:\/\/api.w.org\/{rel}","templated":true}]}}