{"id":3644,"date":"2025-09-12T13:26:46","date_gmt":"2025-09-12T13:26:46","guid":{"rendered":"https:\/\/au2-maisondhotes.com\/?page_id=3644"},"modified":"2025-09-12T13:32:19","modified_gmt":"2025-09-12T13:32:19","slug":"offrir-un-coffret-cadeau-pour-un-sejour-feerique-a-la-maison-dhotes-au2","status":"publish","type":"page","link":"https:\/\/au2-maisondhotes.com\/en\/offrir-un-coffret-cadeau-pour-un-sejour-feerique-a-la-maison-dhotes-au2\/","title":{"rendered":"Offrir un coffret cadeau pour un s\u00e9jour f\u00e9erique \u00e0 la Maison d\u2019H\u00f4tes Au2"},"content":{"rendered":"<div data-elementor-type=\"wp-page\" data-elementor-id=\"3644\" class=\"elementor elementor-3644\">\n\t\t\t\t\t\t<div class=\"elementor-inner\">\n\t\t\t\t<div class=\"elementor-section-wrap\">\n\t\t\t\t\t\t\t\t\t<section class=\"elementor-section elementor-top-section elementor-element elementor-element-1f58287 elementor-section-boxed elementor-section-height-default elementor-section-height-default\" data-id=\"1f58287\" data-element_type=\"section\" data-settings=\"{&quot;_ha_eqh_enable&quot;:false}\">\n\t\t\t\t\t\t<div class=\"elementor-container elementor-column-gap-default\">\n\t\t\t\t\t\t\t<div class=\"elementor-row\">\n\t\t\t\t\t<div class=\"elementor-column elementor-col-100 elementor-top-column elementor-element elementor-element-f1629c0\" data-id=\"f1629c0\" data-element_type=\"column\">\n\t\t\t<div class=\"elementor-column-wrap elementor-element-populated\">\n\t\t\t\t\t\t\t<div class=\"elementor-widget-wrap\">\n\t\t\t\t\t\t<div class=\"elementor-element elementor-element-552d53f elementor-widget elementor-widget-spacer\" data-id=\"552d53f\" data-element_type=\"widget\" data-widget_type=\"spacer.default\">\n\t\t\t\t<div class=\"elementor-widget-container\">\n\t\t\t\t\t<div class=\"elementor-spacer\">\n\t\t\t<div class=\"elementor-spacer-inner\"><\/div>\n\t\t<\/div>\n\t\t\t\t<\/div>\n\t\t\t\t<\/div>\n\t\t\t\t\t\t<\/div>\n\t\t\t\t\t<\/div>\n\t\t<\/div>\n\t\t\t\t\t\t\t\t<\/div>\n\t\t\t\t\t<\/div>\n\t\t<\/section>\n\t\t\t\t<section class=\"elementor-section elementor-top-section elementor-element elementor-element-2775cc0 elementor-section-boxed elementor-section-height-default elementor-section-height-default\" data-id=\"2775cc0\" data-element_type=\"section\" data-settings=\"{&quot;_ha_eqh_enable&quot;:false}\">\n\t\t\t\t\t\t<div class=\"elementor-container elementor-column-gap-default\">\n\t\t\t\t\t\t\t<div class=\"elementor-row\">\n\t\t\t\t\t<div class=\"elementor-column elementor-col-100 elementor-top-column elementor-element elementor-element-c2e7512\" data-id=\"c2e7512\" data-element_type=\"column\">\n\t\t\t<div class=\"elementor-column-wrap elementor-element-populated\">\n\t\t\t\t\t\t\t<div class=\"elementor-widget-wrap\">\n\t\t\t\t\t\t<div class=\"elementor-element elementor-element-5f7d6f7 elementor-widget elementor-widget-heading\" data-id=\"5f7d6f7\" data-element_type=\"widget\" data-widget_type=\"heading.default\">\n\t\t\t\t<div class=\"elementor-widget-container\">\n\t\t\t<h2 class=\"elementor-heading-title elementor-size-default\">Offrir un coffret cadeau pour un s\u00e9jour f\u00e9erique \u00e0 la Maison d\u2019H\u00f4tes Au2<\/h2>\t\t<\/div>\n\t\t\t\t<\/div>\n\t\t\t\t\t\t<\/div>\n\t\t\t\t\t<\/div>\n\t\t<\/div>\n\t\t\t\t\t\t\t\t<\/div>\n\t\t\t\t\t<\/div>\n\t\t<\/section>\n\t\t\t\t<section class=\"elementor-section elementor-top-section elementor-element elementor-element-c95a94b elementor-section-boxed elementor-section-height-default elementor-section-height-default\" data-id=\"c95a94b\" data-element_type=\"section\" data-settings=\"{&quot;_ha_eqh_enable&quot;:false}\">\n\t\t\t\t\t\t<div class=\"elementor-container elementor-column-gap-default\">\n\t\t\t\t\t\t\t<div class=\"elementor-row\">\n\t\t\t\t\t<div class=\"elementor-column elementor-col-100 elementor-top-column elementor-element elementor-element-f2f69fe\" data-id=\"f2f69fe\" data-element_type=\"column\">\n\t\t\t<div class=\"elementor-column-wrap elementor-element-populated\">\n\t\t\t\t\t\t\t<div class=\"elementor-widget-wrap\">\n\t\t\t\t\t\t<div class=\"elementor-element elementor-element-d297009 elementor-widget elementor-widget-text-editor\" data-id=\"d297009\" data-element_type=\"widget\" data-widget_type=\"text-editor.default\">\n\t\t\t\t<div class=\"elementor-widget-container\">\n\t\t\t\t\t\t\t\t<div class=\"elementor-text-editor elementor-clearfix\">\n\t\t\t\t<div>Vous cherchez un\u00a0<b><span class=\"il\">cadeau<\/span>\u00a0original<\/b>, un\u00a0<b><span class=\"il\">coffret cadeau<\/span><\/b>\u00a0haut de gamme ou un\u00a0<b>ch\u00e8que\u00a0<span class=\"il\">cadeau<\/span><\/b>\u00a0pour surprendre vos proches\u202f? La\u00a0<b>Maison d\u2019H\u00f4tes Au\u00a02<\/b>\u00a0\u00e0 Muidorge, dans l\u2019Oise, propose un\u00a0<b>s\u00e9jour magique<\/b>\u00a0qui marie\u00a0<b>h\u00e9bergement de charme<\/b>,\u00a0<b>d\u00eener aux chandelles<\/b>,\u00a0<b>spa privatif<\/b>\u00a0et\u00a0<b>exp\u00e9rience immersive<\/b>. Gr\u00e2ce au\u00a0<b><span class=\"il\">coffret<\/span>\u00a0Magic\u00a0Au2<\/b>, vous offrez bien plus qu\u2019une nuit\u00e9e\u202f: un souvenir inoubliable dans l\u2019une des plus belles\u00a0<b>maisons d\u2019h\u00f4tes<\/b>\u00a0de la r\u00e9gion.<\/div><div><b>Contenu du\u00a0<span class=\"il\">coffret cadeau<\/span>\u00a0Magic\u00a0Au2<\/b><\/div><div>Ce\u00a0<b>box\u00a0<span class=\"il\">cadeau<\/span><\/b>\u00a0comprend :<\/div><ul><li><div role=\"presentation\"><b>1 nuit\u00e9e en suite<\/b>\u00a0(Suite L\u00e9gendes, 1\u02b3\u1d49\u00a0Loge ou Voltige), avec une d\u00e9coration immersive et un accueil personnalis\u00e9.<\/div><\/li><li><div role=\"presentation\"><b>Petit\u2011d\u00e9jeuner gourmand<\/b>\u00a0et\u00a0<b>plateau de courtoisie<\/b>.<\/div><\/li><li><div role=\"presentation\"><b>Acc\u00e8s privatis\u00e9 d\u2019une heure au spa Himalaya<\/b>\u00a0pour profiter du jacuzzi en toute intimit\u00e9.<\/div><\/li><li><div role=\"presentation\"><b>Deux cocktails p\u00e9tillants \u00ab\u202fAu nom de la rose\u202f\u00bb<\/b>\u00a0servis au bord du jacuzzi.<\/div><\/li><li><div role=\"presentation\"><b>D\u00eener aux chandelles pour deux personnes<\/b>\u00a0\u00e0 la table d\u2019h\u00f4tes (ap\u00e9ritif, vins et boissons compris).<\/div><\/li><\/ul><div>Le tarif du\u00a0<span class=\"il\">coffret<\/span>\u00a0est de\u00a0<b>259\u00a0\u20ac pour deux personnes<\/b>. Vous pouvez ajouter des invit\u00e9s suppl\u00e9mentaires (jusqu\u2019\u00e0 5\u202fpersonnes) pour\u00a0<b>75\u00a0\u20ac par personne<\/b>, avec les m\u00eames prestations. La\u00a0<b>box\u00a0<span class=\"il\">cadeau<\/span>\u00a0Au\u00a02<\/b>\u00a0est valable toute l\u2019ann\u00e9e (sauf certains weekends pendant la Saison Magique*), et son destinataire peut r\u00e9server sa date \u00e0 sa convenance.<\/div>\t\t\t\t\t<\/div>\n\t\t\t\t\t\t<\/div>\n\t\t\t\t<\/div>\n\t\t\t\t\t\t<\/div>\n\t\t\t\t\t<\/div>\n\t\t<\/div>\n\t\t\t\t\t\t\t\t<\/div>\n\t\t\t\t\t<\/div>\n\t\t<\/section>\n\t\t\t\t<section class=\"elementor-section elementor-top-section elementor-element elementor-element-feac1b5 elementor-section-boxed elementor-section-height-default elementor-section-height-default\" data-id=\"feac1b5\" data-element_type=\"section\" data-settings=\"{&quot;_ha_eqh_enable&quot;:false}\">\n\t\t\t\t\t\t<div class=\"elementor-container elementor-column-gap-default\">\n\t\t\t\t\t\t\t<div class=\"elementor-row\">\n\t\t\t\t\t<div class=\"elementor-column elementor-col-100 elementor-top-column elementor-element elementor-element-910b08c\" data-id=\"910b08c\" data-element_type=\"column\">\n\t\t\t<div class=\"elementor-column-wrap elementor-element-populated\">\n\t\t\t\t\t\t\t<div class=\"elementor-widget-wrap\">\n\t\t\t\t\t\t<div class=\"elementor-element elementor-element-ee713c4 elementor-widget elementor-widget-heading\" data-id=\"ee713c4\" data-element_type=\"widget\" data-widget_type=\"heading.default\">\n\t\t\t\t<div class=\"elementor-widget-container\">\n\t\t\t<h3 class=\"elementor-heading-title elementor-size-default\">Coffret cadeau \u00e0 la carte<\/h3>\t\t<\/div>\n\t\t\t\t<\/div>\n\t\t\t\t\t\t<\/div>\n\t\t\t\t\t<\/div>\n\t\t<\/div>\n\t\t\t\t\t\t\t\t<\/div>\n\t\t\t\t\t<\/div>\n\t\t<\/section>\n\t\t\t\t<section class=\"elementor-section elementor-top-section elementor-element elementor-element-e49a068 elementor-section-boxed elementor-section-height-default elementor-section-height-default\" data-id=\"e49a068\" data-element_type=\"section\" data-settings=\"{&quot;_ha_eqh_enable&quot;:false}\">\n\t\t\t\t\t\t<div class=\"elementor-container elementor-column-gap-default\">\n\t\t\t\t\t\t\t<div class=\"elementor-row\">\n\t\t\t\t\t<div class=\"elementor-column elementor-col-100 elementor-top-column elementor-element elementor-element-2a60110\" data-id=\"2a60110\" data-element_type=\"column\">\n\t\t\t<div class=\"elementor-column-wrap elementor-element-populated\">\n\t\t\t\t\t\t\t<div class=\"elementor-widget-wrap\">\n\t\t\t\t\t\t<div class=\"elementor-element elementor-element-0d8e84f elementor-widget elementor-widget-text-editor\" data-id=\"0d8e84f\" data-element_type=\"widget\" data-widget_type=\"text-editor.default\">\n\t\t\t\t<div class=\"elementor-widget-container\">\n\t\t\t\t\t\t\t\t<div class=\"elementor-text-editor elementor-clearfix\">\n\t\t\t\t<p>Vous pr\u00e9f\u00e9rez un\u00a0<b><span class=\"il\">cadeau<\/span>\u00a0sur mesure, plut\u00f4t qu&#8217;un ch\u00e9que\u00a0<span class=\"il\">cadeau<\/span>, une Box ou Wonder box\u202fsans<\/b>\u00a0personnalit\u00e9 ? Optez pour l\u2019option\u00a0<b>Magic\u00a0Au2 \u00e0 la carte<\/b>\u00a0et composez votre\u00a0<b><span class=\"il\">coffret cadeau<\/span><\/b>\u00a0selon vos envies\u202f: nuit\u00e9e suppl\u00e9mentaire, massages, surprise romantique\u2026 Contactez\u2011nous au\u00a0<b>03\u00a044\u00a015\u00a023\u00a092<\/b>\u00a0pour \u00e9laborer une\u00a0<b>box personnalis\u00e9e<\/b>.<\/p>\t\t\t\t\t<\/div>\n\t\t\t\t\t\t<\/div>\n\t\t\t\t<\/div>\n\t\t\t\t<div class=\"elementor-element elementor-element-b7251af elementor-widget elementor-widget-heading\" data-id=\"b7251af\" data-element_type=\"widget\" data-widget_type=\"heading.default\">\n\t\t\t\t<div class=\"elementor-widget-container\">\n\t\t\t<h3 class=\"elementor-heading-title elementor-size-default\">Comment commander votre coffret cadeau<\/h3>\t\t<\/div>\n\t\t\t\t<\/div>\n\t\t\t\t<div class=\"elementor-element elementor-element-a58af8a elementor-widget elementor-widget-text-editor\" data-id=\"a58af8a\" data-element_type=\"widget\" data-widget_type=\"text-editor.default\">\n\t\t\t\t<div class=\"elementor-widget-container\">\n\t\t\t\t\t\t\t\t<div class=\"elementor-text-editor elementor-clearfix\">\n\t\t\t\t<ol start=\"1\"><li><div role=\"presentation\"><b>Choisissez<\/b>\u00a0entre le\u00a0<span class=\"il\">coffret<\/span>\u00a0Magic\u00a0Au2 ou un\u00a0<span class=\"il\">coffret<\/span>\u00a0\u00ab\u202f\u00e0 la carte\u202f\u00bb.<\/div><\/li><li><div role=\"presentation\"><b>Envoyez\u2011nous un e\u2011mail<\/b>\u00a0\u00e0\u00a0<i><a href=\"mailto:contact@au2%E2%80%91maisondhotes.com\" target=\"_blank\" rel=\"noopener\">contact@au2\u2011maisondhotes.com<\/a><\/i>\u00a0<wbr \/>ou utilisez le formulaire de demande en ligne, en pr\u00e9cisant\u00a0:<\/div><ul><li><div role=\"presentation\">le choix de la\u00a0<b>suite<\/b>\u00a0(la Suite \u00ab\u202fL\u00e9gendes\u202f\u00bb est id\u00e9ale pour deux personnes),<\/div><\/li><li><div role=\"presentation\">l\u2019<b>adresse d\u2019exp\u00e9dition<\/b>\u00a0et le\u00a0<b>nom du destinataire<\/b>,<\/div><\/li><li><div role=\"presentation\">la mention \u00ab\u202fde la part de\u2026 pour\u2026\u202f\u00bb pour personnaliser votre missive.<\/div><\/li><\/ul><\/li><li><div role=\"presentation\"><b>R\u00e9glement<\/b>\u00a0: par virement bancaire ou\u00a0<b>ch\u00e8que\u00a0<\/b>\u00a0(instructions fournies par retour de mail).<\/div><\/li><\/ol><div>Le\u00a0<b><span class=\"il\">coffret cadeau<\/span><\/b>\u00a0est envoy\u00e9 sous forme d\u2019une\u00a0<b>jolie lettre cachet\u00e9e, enrubann\u00e9e et d\u00e9cor\u00e9e<\/b>, pr\u00eate \u00e0 offrir. Il est valable\u00a0<b>ind\u00e9finiment<\/b>\u00a0et peut \u00eatre utilis\u00e9 en dehors des p\u00e9riodes d\u2019exclusion (certains samedis du No\u00ebl magique, r\u00e9veillons et f\u00eates de fin d\u2019ann\u00e9e). Offrir\u00a0<b>un\u00a0<span class=\"il\">cadeau<\/span>\u00a0magique<\/b><\/div><blockquote><div><i>Les tarifs peuvent varier pendant les weekends de la Saison Magique. Non valide pour les samedis du No\u00ebl magique, le jour de No\u00ebl, le jour de l\u2019An et tous les r\u00e9veillons, ainsi que du 20 au 31\u00a0d\u00e9cembre.<\/i><\/div><\/blockquote>\t\t\t\t\t<\/div>\n\t\t\t\t\t\t<\/div>\n\t\t\t\t<\/div>\n\t\t\t\t<div class=\"elementor-element elementor-element-d0a33de elementor-widget elementor-widget-heading\" data-id=\"d0a33de\" data-element_type=\"widget\" data-widget_type=\"heading.default\">\n\t\t\t\t<div class=\"elementor-widget-container\">\n\t\t\t<h3 class=\"elementor-heading-title elementor-size-default\">Pourquoi choisir un coffret cadeau Au 2 ?<\/h3>\t\t<\/div>\n\t\t\t\t<\/div>\n\t\t\t\t<div class=\"elementor-element elementor-element-910bde5 elementor-widget elementor-widget-text-editor\" data-id=\"910bde5\" data-element_type=\"widget\" data-widget_type=\"text-editor.default\">\n\t\t\t\t<div class=\"elementor-widget-container\">\n\t\t\t\t\t\t\t\t<div class=\"elementor-text-editor elementor-clearfix\">\n\t\t\t\t<ul><li><div role=\"presentation\">Une\u00a0<b>exp\u00e9rience immersive<\/b>\u00a0inspir\u00e9e par le d\u00e9corateur et metteur en sc\u00e8ne William Pascal Korso.<\/div><\/li><li><div role=\"presentation\">Un\u00a0<b>h\u00e9bergement de luxe<\/b>\u00a0avec suites th\u00e9matiques et services haut de gamme.<\/div><\/li><li><div role=\"presentation\">Un\u00a0<b>s\u00e9jour insolite<\/b>\u00a0m\u00ealant\u00a0<b>gastronomie, bien\u2011\u00eatre et magie<\/b>.<\/div><\/li><li><div role=\"presentation\">Une\u00a0<b>box\u00a0<span class=\"il\">cadeau<\/span><\/b>\u00a0modulable, id\u00e9ale pour un\u00a0<span class=\"il\">cadeau<\/span>\u00a0romantique, un anniversaire, un mariage ou un\u00a0<b>s\u00e9jour en famille<\/b>.<\/div><\/li><\/ul><div>N\u2019attendez plus pour\u00a0<b>offrir un\u00a0<span class=\"il\">cadeau<\/span>\u00a0unique<\/b>. Contactez\u2011nous et commandez votre\u00a0<b><span class=\"il\">coffret<\/span>\u00a0Magic\u00a0Au2<\/b>\u00a0pour offrir une\u00a0<b>nuit\u00e9e inoubliable<\/b>\u00a0dans notre\u00a0<b>maison d\u2019h\u00f4tes<\/b>\u00a0de r\u00eave.&#8221;<\/div>\t\t\t\t\t<\/div>\n\t\t\t\t\t\t<\/div>\n\t\t\t\t<\/div>\n\t\t\t\t\t\t<\/div>\n\t\t\t\t\t<\/div>\n\t\t<\/div>\n\t\t\t\t\t\t\t\t<\/div>\n\t\t\t\t\t<\/div>\n\t\t<\/section>\n\t\t\t\t\t\t\t\t\t<\/div>\n\t\t\t<\/div>\n\t\t\t\t\t<\/div>","protected":false},"excerpt":{"rendered":"<p>Offrir un coffret cadeau pour un s\u00e9jour f\u00e9erique \u00e0 la Maison d\u2019H\u00f4tes Au2 Vous cherchez un\u00a0cadeau\u00a0original, un\u00a0coffret cadeau\u00a0haut de gamme ou un\u00a0ch\u00e8que\u00a0cadeau\u00a0pour surprendre vos proches\u202f? La\u00a0Maison d\u2019H\u00f4tes Au\u00a02\u00a0\u00e0 Muidorge, dans l\u2019Oise, propose un\u00a0s\u00e9jour magique\u00a0qui marie\u00a0h\u00e9bergement de charme,\u00a0d\u00eener aux chandelles,\u00a0spa privatif\u00a0et\u00a0exp\u00e9rience immersive. Gr\u00e2ce au\u00a0coffret\u00a0Magic\u00a0Au2, vous offrez bien plus qu\u2019une nuit\u00e9e\u202f: un souvenir inoubliable dans l\u2019une des &hellip;<\/p>\n<p class=\"read-more\"> <a class=\"\" href=\"https:\/\/au2-maisondhotes.com\/en\/offrir-un-coffret-cadeau-pour-un-sejour-feerique-a-la-maison-dhotes-au2\/\"> <span class=\"screen-reader-text\">Offrir un coffret cadeau pour un s\u00e9jour f\u00e9erique \u00e0 la Maison d\u2019H\u00f4tes Au2<\/span> Read More &raquo;<\/a><\/p>","protected":false},"author":3,"featured_media":0,"parent":0,"menu_order":0,"comment_status":"closed","ping_status":"closed","template":"","meta":{"site-sidebar-layout":"no-sidebar","site-content-layout":"page-builder","ast-global-header-display":"","ast-main-header-display":"","ast-hfb-above-header-display":"","ast-hfb-below-header-display":"","ast-hfb-mobile-header-display":"","site-post-title":"disabled","ast-breadcrumbs-content":"","ast-featured-img":"disabled","footer-sml-layout":"","theme-transparent-header-meta":"default","adv-header-id-meta":"","stick-header-meta":"","header-above-stick-meta":"","header-main-stick-meta":"","header-below-stick-meta":"","footnotes":""},"class_list":["post-3644","page","type-page","status-publish","hentry"],"yoast_head":"<!-- This site is optimized with the Yoast SEO plugin v20.1 - https:\/\/yoast.com\/wordpress\/plugins\/seo\/ -->\n<title>Offrir un coffret cadeau pour un s\u00e9jour f\u00e9erique \u00e0 la Maison d\u2019H\u00f4tes Au2 - Au2<\/title>\n<meta name=\"robots\" content=\"index, follow, max-snippet:-1, max-image-preview:large, max-video-preview:-1\" \/>\n<link rel=\"canonical\" href=\"https:\/\/au2-maisondhotes.com\/en\/offrir-un-coffret-cadeau-pour-un-sejour-feerique-a-la-maison-dhotes-au2\/\" \/>\n<meta property=\"og:locale\" content=\"en_GB\" \/>\n<meta property=\"og:type\" content=\"article\" \/>\n<meta property=\"og:title\" content=\"Offrir un coffret cadeau pour un s\u00e9jour f\u00e9erique \u00e0 la Maison d\u2019H\u00f4tes Au2 - Au2\" \/>\n<meta property=\"og:description\" content=\"Offrir un coffret cadeau pour un s\u00e9jour f\u00e9erique \u00e0 la Maison d\u2019H\u00f4tes Au2 Vous cherchez un\u00a0cadeau\u00a0original, un\u00a0coffret cadeau\u00a0haut de gamme ou un\u00a0ch\u00e8que\u00a0cadeau\u00a0pour surprendre vos proches\u202f? La\u00a0Maison d\u2019H\u00f4tes Au\u00a02\u00a0\u00e0 Muidorge, dans l\u2019Oise, propose un\u00a0s\u00e9jour magique\u00a0qui marie\u00a0h\u00e9bergement de charme,\u00a0d\u00eener aux chandelles,\u00a0spa privatif\u00a0et\u00a0exp\u00e9rience immersive. Gr\u00e2ce au\u00a0coffret\u00a0Magic\u00a0Au2, vous offrez bien plus qu\u2019une nuit\u00e9e\u202f: un souvenir inoubliable dans l\u2019une des &hellip; Offrir un coffret cadeau pour un s\u00e9jour f\u00e9erique \u00e0 la Maison d\u2019H\u00f4tes Au2 Read More &raquo;\" \/>\n<meta property=\"og:url\" content=\"https:\/\/au2-maisondhotes.com\/en\/offrir-un-coffret-cadeau-pour-un-sejour-feerique-a-la-maison-dhotes-au2\/\" \/>\n<meta property=\"og:site_name\" content=\"Au2\" \/>\n<meta property=\"article:modified_time\" content=\"2025-09-12T13:32:19+00:00\" \/>\n<meta name=\"twitter:card\" content=\"summary_large_image\" \/>\n<meta name=\"twitter:label1\" content=\"Estimated reading time\" \/>\n\t<meta name=\"twitter:data1\" content=\"3 minutes\" \/>\n<!-- \/ Yoast SEO plugin. -->","yoast_head_json":{"title":"Offrir un coffret cadeau pour un s\u00e9jour f\u00e9erique \u00e0 la Maison d\u2019H\u00f4tes Au2 - Au2","robots":{"index":"index","follow":"follow","max-snippet":"max-snippet:-1","max-image-preview":"max-image-preview:large","max-video-preview":"max-video-preview:-1"},"canonical":"https:\/\/au2-maisondhotes.com\/en\/offrir-un-coffret-cadeau-pour-un-sejour-feerique-a-la-maison-dhotes-au2\/","og_locale":"en_GB","og_type":"article","og_title":"Offrir un coffret cadeau pour un s\u00e9jour f\u00e9erique \u00e0 la Maison d\u2019H\u00f4tes Au2 - Au2","og_description":"Offrir un coffret cadeau pour un s\u00e9jour f\u00e9erique \u00e0 la Maison d\u2019H\u00f4tes Au2 Vous cherchez un\u00a0cadeau\u00a0original, un\u00a0coffret cadeau\u00a0haut de gamme ou un\u00a0ch\u00e8que\u00a0cadeau\u00a0pour surprendre vos proches\u202f? La\u00a0Maison d\u2019H\u00f4tes Au\u00a02\u00a0\u00e0 Muidorge, dans l\u2019Oise, propose un\u00a0s\u00e9jour magique\u00a0qui marie\u00a0h\u00e9bergement de charme,\u00a0d\u00eener aux chandelles,\u00a0spa privatif\u00a0et\u00a0exp\u00e9rience immersive. Gr\u00e2ce au\u00a0coffret\u00a0Magic\u00a0Au2, vous offrez bien plus qu\u2019une nuit\u00e9e\u202f: un souvenir inoubliable dans l\u2019une des &hellip; Offrir un coffret cadeau pour un s\u00e9jour f\u00e9erique \u00e0 la Maison d\u2019H\u00f4tes Au2 Read More &raquo;","og_url":"https:\/\/au2-maisondhotes.com\/en\/offrir-un-coffret-cadeau-pour-un-sejour-feerique-a-la-maison-dhotes-au2\/","og_site_name":"Au2","article_modified_time":"2025-09-12T13:32:19+00:00","twitter_card":"summary_large_image","twitter_misc":{"Estimated reading time":"3 minutes"},"schema":{"@context":"https:\/\/schema.org","@graph":[{"@type":"WebPage","@id":"https:\/\/au2-maisondhotes.com\/offrir-un-coffret-cadeau-pour-un-sejour-feerique-a-la-maison-dhotes-au2\/","url":"https:\/\/au2-maisondhotes.com\/offrir-un-coffret-cadeau-pour-un-sejour-feerique-a-la-maison-dhotes-au2\/","name":"Offrir un coffret cadeau pour un s\u00e9jour f\u00e9erique \u00e0 la Maison d\u2019H\u00f4tes Au2 - Au2","isPartOf":{"@id":"https:\/\/au2-maisondhotes.com\/#website"},"datePublished":"2025-09-12T13:26:46+00:00","dateModified":"2025-09-12T13:32:19+00:00","breadcrumb":{"@id":"https:\/\/au2-maisondhotes.com\/offrir-un-coffret-cadeau-pour-un-sejour-feerique-a-la-maison-dhotes-au2\/#breadcrumb"},"inLanguage":"en-GB","potentialAction":[{"@type":"ReadAction","target":["https:\/\/au2-maisondhotes.com\/offrir-un-coffret-cadeau-pour-un-sejour-feerique-a-la-maison-dhotes-au2\/"]}]},{"@type":"BreadcrumbList","@id":"https:\/\/au2-maisondhotes.com\/offrir-un-coffret-cadeau-pour-un-sejour-feerique-a-la-maison-dhotes-au2\/#breadcrumb","itemListElement":[{"@type":"ListItem","position":1,"name":"Accueil","item":"https:\/\/au2-maisondhotes.com\/"},{"@type":"ListItem","position":2,"name":"Offrir un coffret cadeau pour un s\u00e9jour f\u00e9erique \u00e0 la Maison d\u2019H\u00f4tes Au2"}]},{"@type":"WebSite","@id":"https:\/\/au2-maisondhotes.com\/#website","url":"https:\/\/au2-maisondhotes.com\/","name":"Au2","description":"Maison d&#039;h\u00f4tes","potentialAction":[{"@type":"SearchAction","target":{"@type":"EntryPoint","urlTemplate":"https:\/\/au2-maisondhotes.com\/?s={search_term_string}"},"query-input":"required name=search_term_string"}],"inLanguage":"en-GB"}]}},"_links":{"self":[{"href":"https:\/\/au2-maisondhotes.com\/en\/wp-json\/wp\/v2\/pages\/3644","targetHints":{"allow":["GET"]}}],"collection":[{"href":"https:\/\/au2-maisondhotes.com\/en\/wp-json\/wp\/v2\/pages"}],"about":[{"href":"https:\/\/au2-maisondhotes.com\/en\/wp-json\/wp\/v2\/types\/page"}],"author":[{"embeddable":true,"href":"https:\/\/au2-maisondhotes.com\/en\/wp-json\/wp\/v2\/users\/3"}],"replies":[{"embeddable":true,"href":"https:\/\/au2-maisondhotes.com\/en\/wp-json\/wp\/v2\/comments?post=3644"}],"version-history":[{"count":4,"href":"https:\/\/au2-maisondhotes.com\/en\/wp-json\/wp\/v2\/pages\/3644\/revisions"}],"predecessor-version":[{"id":3648,"href":"https:\/\/au2-maisondhotes.com\/en\/wp-json\/wp\/v2\/pages\/3644\/revisions\/3648"}],"wp:attachment":[{"href":"https:\/\/au2-maisondhotes.com\/en\/wp-json\/wp\/v2\/media?parent=3644"}],"curies":[{"name":"wp","href":"https:\/\/api.w.org\/{rel}","templated":true}]}}