{"id":3579,"date":"2025-05-04T10:52:48","date_gmt":"2025-05-04T10:52:48","guid":{"rendered":"https:\/\/au2-maisondhotes.com\/?page_id=3579"},"modified":"2025-05-04T10:53:25","modified_gmt":"2025-05-04T10:53:25","slug":"week-end-detente-avec-massage-et-diner","status":"publish","type":"page","link":"https:\/\/au2-maisondhotes.com\/en\/week-end-detente-avec-massage-et-diner\/","title":{"rendered":"Week-end d\u00e9tente avec massage et diner"},"content":{"rendered":"<div data-elementor-type=\"wp-page\" data-elementor-id=\"3579\" class=\"elementor elementor-3579\">\n\t\t\t\t\t\t<div class=\"elementor-inner\">\n\t\t\t\t<div class=\"elementor-section-wrap\">\n\t\t\t\t\t\t\t\t\t<section class=\"elementor-section elementor-top-section elementor-element elementor-element-ec879bd elementor-section-boxed elementor-section-height-default elementor-section-height-default\" data-id=\"ec879bd\" data-element_type=\"section\" data-settings=\"{&quot;_ha_eqh_enable&quot;:false}\">\n\t\t\t\t\t\t<div class=\"elementor-container elementor-column-gap-default\">\n\t\t\t\t\t\t\t<div class=\"elementor-row\">\n\t\t\t\t\t<div class=\"elementor-column elementor-col-100 elementor-top-column elementor-element elementor-element-45dde54\" data-id=\"45dde54\" data-element_type=\"column\">\n\t\t\t<div class=\"elementor-column-wrap elementor-element-populated\">\n\t\t\t\t\t\t\t<div class=\"elementor-widget-wrap\">\n\t\t\t\t\t\t<div class=\"elementor-element elementor-element-9bfd1a1 elementor-widget elementor-widget-spacer\" data-id=\"9bfd1a1\" data-element_type=\"widget\" data-widget_type=\"spacer.default\">\n\t\t\t\t<div class=\"elementor-widget-container\">\n\t\t\t\t\t<div class=\"elementor-spacer\">\n\t\t\t<div class=\"elementor-spacer-inner\"><\/div>\n\t\t<\/div>\n\t\t\t\t<\/div>\n\t\t\t\t<\/div>\n\t\t\t\t\t\t<\/div>\n\t\t\t\t\t<\/div>\n\t\t<\/div>\n\t\t\t\t\t\t\t\t<\/div>\n\t\t\t\t\t<\/div>\n\t\t<\/section>\n\t\t\t\t<section class=\"elementor-section elementor-top-section elementor-element elementor-element-cbee3df elementor-section-boxed elementor-section-height-default elementor-section-height-default\" data-id=\"cbee3df\" data-element_type=\"section\" data-settings=\"{&quot;_ha_eqh_enable&quot;:false}\">\n\t\t\t\t\t\t<div class=\"elementor-container elementor-column-gap-default\">\n\t\t\t\t\t\t\t<div class=\"elementor-row\">\n\t\t\t\t\t<div class=\"elementor-column elementor-col-100 elementor-top-column elementor-element elementor-element-7c18d83\" data-id=\"7c18d83\" data-element_type=\"column\">\n\t\t\t<div class=\"elementor-column-wrap elementor-element-populated\">\n\t\t\t\t\t\t\t<div class=\"elementor-widget-wrap\">\n\t\t\t\t\t\t<div class=\"elementor-element elementor-element-f2608b8 elementor-widget elementor-widget-heading\" data-id=\"f2608b8\" data-element_type=\"widget\" data-widget_type=\"heading.default\">\n\t\t\t\t<div class=\"elementor-widget-container\">\n\t\t\t<h2 class=\"elementor-heading-title elementor-size-default\">Week-end d\u00e9tente avec massages et d\u00eener dans une maison d'h\u00f4tes de charme<\/h2>\t\t<\/div>\n\t\t\t\t<\/div>\n\t\t\t\t\t\t<\/div>\n\t\t\t\t\t<\/div>\n\t\t<\/div>\n\t\t\t\t\t\t\t\t<\/div>\n\t\t\t\t\t<\/div>\n\t\t<\/section>\n\t\t\t\t<section class=\"elementor-section elementor-top-section elementor-element elementor-element-26d957d elementor-section-boxed elementor-section-height-default elementor-section-height-default\" data-id=\"26d957d\" data-element_type=\"section\" data-settings=\"{&quot;_ha_eqh_enable&quot;:false}\">\n\t\t\t\t\t\t<div class=\"elementor-container elementor-column-gap-default\">\n\t\t\t\t\t\t\t<div class=\"elementor-row\">\n\t\t\t\t\t<div class=\"elementor-column elementor-col-100 elementor-top-column elementor-element elementor-element-8dc9bb2\" data-id=\"8dc9bb2\" data-element_type=\"column\">\n\t\t\t<div class=\"elementor-column-wrap elementor-element-populated\">\n\t\t\t\t\t\t\t<div class=\"elementor-widget-wrap\">\n\t\t\t\t\t\t<div class=\"elementor-element elementor-element-22e907d elementor-widget elementor-widget-text-editor\" data-id=\"22e907d\" data-element_type=\"widget\" data-widget_type=\"text-editor.default\">\n\t\t\t\t<div class=\"elementor-widget-container\">\n\t\t\t\t\t\t\t\t<div class=\"elementor-text-editor elementor-clearfix\">\n\t\t\t\t<p>Offrez-vous un <strong>week-end d\u00e9tente<\/strong> inoubliable chez <strong>Au2<\/strong>, notre maison d&#8217;h\u00f4tes de charme \u00e0 une heure de Paris.<br \/>Entre <strong>massages personnalis\u00e9s<\/strong>, <strong>d\u00eeners th\u00e9matiques maison<\/strong>, et <strong>suites de caract\u00e8re<\/strong>, tout est pens\u00e9 pour votre bien-\u00eatre absolu.<\/p><p>Notre espace bien-\u00eatre propose des soins et <strong>massages sur-mesure<\/strong>, prodigu\u00e9s par des professionnels passionn\u00e9s.<br \/>Le soir, savourez un <strong>d\u00eener gourmand<\/strong>, concoct\u00e9 avec amour et servi dans l\u2019intimit\u00e9 de notre maison.<\/p><p>D\u00e9couvrez nos offres sp\u00e9ciales <a href=\"#bien-etre\">s\u00e9jour bien-\u00eatre et massages<\/a> et laissez-vous tenter par l\u2019un de nos <a href=\"#restauration\">d\u00eeners \u00e0 th\u00e8me<\/a>.<\/p><p>\u2794 Compl\u00e9tez votre week-end cocooning avec une <a href=\"#jardin-terrasse\">balade romantique dans notre jardin<\/a><\/p>\t\t\t\t\t<\/div>\n\t\t\t\t\t\t<\/div>\n\t\t\t\t<\/div>\n\t\t\t\t\t\t<\/div>\n\t\t\t\t\t<\/div>\n\t\t<\/div>\n\t\t\t\t\t\t\t\t<\/div>\n\t\t\t\t\t<\/div>\n\t\t<\/section>\n\t\t\t\t\t\t\t\t\t<\/div>\n\t\t\t<\/div>\n\t\t\t\t\t<\/div>","protected":false},"excerpt":{"rendered":"<p>Week-end d\u00e9tente avec massages et d\u00eener dans une maison d&#8217;h\u00f4tes de charme Offrez-vous un week-end d\u00e9tente inoubliable chez Au2, notre maison d&#8217;h\u00f4tes de charme \u00e0 une heure de Paris.Entre massages personnalis\u00e9s, d\u00eeners th\u00e9matiques maison, et suites de caract\u00e8re, tout est pens\u00e9 pour votre bien-\u00eatre absolu. Notre espace bien-\u00eatre propose des soins et massages sur-mesure, prodigu\u00e9s &hellip;<\/p>\n<p class=\"read-more\"> <a class=\"\" href=\"https:\/\/au2-maisondhotes.com\/en\/week-end-detente-avec-massage-et-diner\/\"> <span class=\"screen-reader-text\">Week-end d\u00e9tente avec massage et diner<\/span> Read More &raquo;<\/a><\/p>","protected":false},"author":3,"featured_media":0,"parent":0,"menu_order":0,"comment_status":"closed","ping_status":"closed","template":"","meta":{"site-sidebar-layout":"no-sidebar","site-content-layout":"page-builder","ast-global-header-display":"","ast-main-header-display":"","ast-hfb-above-header-display":"","ast-hfb-below-header-display":"","ast-hfb-mobile-header-display":"","site-post-title":"disabled","ast-breadcrumbs-content":"","ast-featured-img":"disabled","footer-sml-layout":"","theme-transparent-header-meta":"","adv-header-id-meta":"","stick-header-meta":"","header-above-stick-meta":"","header-main-stick-meta":"","header-below-stick-meta":"","footnotes":""},"class_list":["post-3579","page","type-page","status-publish","hentry"],"yoast_head":"<!-- This site is optimized with the Yoast SEO plugin v20.1 - https:\/\/yoast.com\/wordpress\/plugins\/seo\/ -->\n<title>Week-end d\u00e9tente avec massage et diner - Au2<\/title>\n<meta name=\"robots\" content=\"index, follow, max-snippet:-1, max-image-preview:large, max-video-preview:-1\" \/>\n<link rel=\"canonical\" href=\"https:\/\/au2-maisondhotes.com\/en\/week-end-detente-avec-massage-et-diner\/\" \/>\n<meta property=\"og:locale\" content=\"en_GB\" \/>\n<meta property=\"og:type\" content=\"article\" \/>\n<meta property=\"og:title\" content=\"Week-end d\u00e9tente avec massage et diner - Au2\" \/>\n<meta property=\"og:description\" content=\"Week-end d\u00e9tente avec massages et d\u00eener dans une maison d&#8217;h\u00f4tes de charme Offrez-vous un week-end d\u00e9tente inoubliable chez Au2, notre maison d&#8217;h\u00f4tes de charme \u00e0 une heure de Paris.Entre massages personnalis\u00e9s, d\u00eeners th\u00e9matiques maison, et suites de caract\u00e8re, tout est pens\u00e9 pour votre bien-\u00eatre absolu. Notre espace bien-\u00eatre propose des soins et massages sur-mesure, prodigu\u00e9s &hellip; Week-end d\u00e9tente avec massage et diner Read More &raquo;\" \/>\n<meta property=\"og:url\" content=\"https:\/\/au2-maisondhotes.com\/en\/week-end-detente-avec-massage-et-diner\/\" \/>\n<meta property=\"og:site_name\" content=\"Au2\" \/>\n<meta property=\"article:modified_time\" content=\"2025-05-04T10:53:25+00:00\" \/>\n<meta name=\"twitter:card\" content=\"summary_large_image\" \/>\n<meta name=\"twitter:label1\" content=\"Estimated reading time\" \/>\n\t<meta name=\"twitter:data1\" content=\"1 minute\" \/>\n<!-- \/ Yoast SEO plugin. -->","yoast_head_json":{"title":"Week-end d\u00e9tente avec massage et diner - Au2","robots":{"index":"index","follow":"follow","max-snippet":"max-snippet:-1","max-image-preview":"max-image-preview:large","max-video-preview":"max-video-preview:-1"},"canonical":"https:\/\/au2-maisondhotes.com\/en\/week-end-detente-avec-massage-et-diner\/","og_locale":"en_GB","og_type":"article","og_title":"Week-end d\u00e9tente avec massage et diner - Au2","og_description":"Week-end d\u00e9tente avec massages et d\u00eener dans une maison d&#8217;h\u00f4tes de charme Offrez-vous un week-end d\u00e9tente inoubliable chez Au2, notre maison d&#8217;h\u00f4tes de charme \u00e0 une heure de Paris.Entre massages personnalis\u00e9s, d\u00eeners th\u00e9matiques maison, et suites de caract\u00e8re, tout est pens\u00e9 pour votre bien-\u00eatre absolu. Notre espace bien-\u00eatre propose des soins et massages sur-mesure, prodigu\u00e9s &hellip; Week-end d\u00e9tente avec massage et diner Read More &raquo;","og_url":"https:\/\/au2-maisondhotes.com\/en\/week-end-detente-avec-massage-et-diner\/","og_site_name":"Au2","article_modified_time":"2025-05-04T10:53:25+00:00","twitter_card":"summary_large_image","twitter_misc":{"Estimated reading time":"1 minute"},"schema":{"@context":"https:\/\/schema.org","@graph":[{"@type":"WebPage","@id":"https:\/\/au2-maisondhotes.com\/week-end-detente-avec-massage-et-diner\/","url":"https:\/\/au2-maisondhotes.com\/week-end-detente-avec-massage-et-diner\/","name":"Week-end d\u00e9tente avec massage et diner - Au2","isPartOf":{"@id":"https:\/\/au2-maisondhotes.com\/#website"},"datePublished":"2025-05-04T10:52:48+00:00","dateModified":"2025-05-04T10:53:25+00:00","breadcrumb":{"@id":"https:\/\/au2-maisondhotes.com\/week-end-detente-avec-massage-et-diner\/#breadcrumb"},"inLanguage":"en-GB","potentialAction":[{"@type":"ReadAction","target":["https:\/\/au2-maisondhotes.com\/week-end-detente-avec-massage-et-diner\/"]}]},{"@type":"BreadcrumbList","@id":"https:\/\/au2-maisondhotes.com\/week-end-detente-avec-massage-et-diner\/#breadcrumb","itemListElement":[{"@type":"ListItem","position":1,"name":"Accueil","item":"https:\/\/au2-maisondhotes.com\/"},{"@type":"ListItem","position":2,"name":"Week-end d\u00e9tente avec massage et diner"}]},{"@type":"WebSite","@id":"https:\/\/au2-maisondhotes.com\/#website","url":"https:\/\/au2-maisondhotes.com\/","name":"Au2","description":"Maison d&#039;h\u00f4tes","potentialAction":[{"@type":"SearchAction","target":{"@type":"EntryPoint","urlTemplate":"https:\/\/au2-maisondhotes.com\/?s={search_term_string}"},"query-input":"required name=search_term_string"}],"inLanguage":"en-GB"}]}},"_links":{"self":[{"href":"https:\/\/au2-maisondhotes.com\/en\/wp-json\/wp\/v2\/pages\/3579","targetHints":{"allow":["GET"]}}],"collection":[{"href":"https:\/\/au2-maisondhotes.com\/en\/wp-json\/wp\/v2\/pages"}],"about":[{"href":"https:\/\/au2-maisondhotes.com\/en\/wp-json\/wp\/v2\/types\/page"}],"author":[{"embeddable":true,"href":"https:\/\/au2-maisondhotes.com\/en\/wp-json\/wp\/v2\/users\/3"}],"replies":[{"embeddable":true,"href":"https:\/\/au2-maisondhotes.com\/en\/wp-json\/wp\/v2\/comments?post=3579"}],"version-history":[{"count":3,"href":"https:\/\/au2-maisondhotes.com\/en\/wp-json\/wp\/v2\/pages\/3579\/revisions"}],"predecessor-version":[{"id":3582,"href":"https:\/\/au2-maisondhotes.com\/en\/wp-json\/wp\/v2\/pages\/3579\/revisions\/3582"}],"wp:attachment":[{"href":"https:\/\/au2-maisondhotes.com\/en\/wp-json\/wp\/v2\/media?parent=3579"}],"curies":[{"name":"wp","href":"https:\/\/api.w.org\/{rel}","templated":true}]}}