{"id":3528,"date":"2025-04-14T09:18:40","date_gmt":"2025-04-14T09:18:40","guid":{"rendered":"https:\/\/au2-maisondhotes.com\/?page_id=3528"},"modified":"2025-04-14T09:24:20","modified_gmt":"2025-04-14T09:24:20","slug":"comment-est-lexperience-offerte-par-le-spa-himalaya-chez-au2","status":"publish","type":"page","link":"https:\/\/au2-maisondhotes.com\/en\/comment-est-lexperience-offerte-par-le-spa-himalaya-chez-au2\/","title":{"rendered":"Comment est l\u2019exp\u00e9rience offerte par le Spa Himalaya chez Au2 ?"},"content":{"rendered":"<div data-elementor-type=\"wp-page\" data-elementor-id=\"3528\" class=\"elementor elementor-3528\">\n\t\t\t\t\t\t<div class=\"elementor-inner\">\n\t\t\t\t<div class=\"elementor-section-wrap\">\n\t\t\t\t\t\t\t\t\t<section class=\"elementor-section elementor-top-section elementor-element elementor-element-3060798 elementor-section-boxed elementor-section-height-default elementor-section-height-default\" data-id=\"3060798\" data-element_type=\"section\" data-settings=\"{&quot;_ha_eqh_enable&quot;:false}\">\n\t\t\t\t\t\t<div class=\"elementor-container elementor-column-gap-default\">\n\t\t\t\t\t\t\t<div class=\"elementor-row\">\n\t\t\t\t\t<div class=\"elementor-column elementor-col-100 elementor-top-column elementor-element elementor-element-1d09f41\" data-id=\"1d09f41\" data-element_type=\"column\">\n\t\t\t<div class=\"elementor-column-wrap elementor-element-populated\">\n\t\t\t\t\t\t\t<div class=\"elementor-widget-wrap\">\n\t\t\t\t\t\t<div class=\"elementor-element elementor-element-92a281e elementor-widget elementor-widget-spacer\" data-id=\"92a281e\" data-element_type=\"widget\" data-widget_type=\"spacer.default\">\n\t\t\t\t<div class=\"elementor-widget-container\">\n\t\t\t\t\t<div class=\"elementor-spacer\">\n\t\t\t<div class=\"elementor-spacer-inner\"><\/div>\n\t\t<\/div>\n\t\t\t\t<\/div>\n\t\t\t\t<\/div>\n\t\t\t\t<div class=\"elementor-element elementor-element-cba015d elementor-widget elementor-widget-heading\" data-id=\"cba015d\" data-element_type=\"widget\" data-widget_type=\"heading.default\">\n\t\t\t\t<div class=\"elementor-widget-container\">\n\t\t\t<h2 class=\"elementor-heading-title elementor-size-default\">Comment est l\u2019exp\u00e9rience offerte par le Spa Himalaya chez Au2 ?<\/h2>\t\t<\/div>\n\t\t\t\t<\/div>\n\t\t\t\t\t\t<\/div>\n\t\t\t\t\t<\/div>\n\t\t<\/div>\n\t\t\t\t\t\t\t\t<\/div>\n\t\t\t\t\t<\/div>\n\t\t<\/section>\n\t\t\t\t<section class=\"elementor-section elementor-top-section elementor-element elementor-element-09ce6dd elementor-section-boxed elementor-section-height-default elementor-section-height-default\" data-id=\"09ce6dd\" data-element_type=\"section\" data-settings=\"{&quot;_ha_eqh_enable&quot;:false}\">\n\t\t\t\t\t\t<div class=\"elementor-container elementor-column-gap-default\">\n\t\t\t\t\t\t\t<div class=\"elementor-row\">\n\t\t\t\t\t<div class=\"elementor-column elementor-col-100 elementor-top-column elementor-element elementor-element-04e9e6f\" data-id=\"04e9e6f\" data-element_type=\"column\">\n\t\t\t<div class=\"elementor-column-wrap elementor-element-populated\">\n\t\t\t\t\t\t\t<div class=\"elementor-widget-wrap\">\n\t\t\t\t\t\t<div class=\"elementor-element elementor-element-c6a48bd elementor-widget elementor-widget-text-editor\" data-id=\"c6a48bd\" data-element_type=\"widget\" data-widget_type=\"text-editor.default\">\n\t\t\t\t<div class=\"elementor-widget-container\">\n\t\t\t\t\t\t\t\t<div class=\"elementor-text-editor elementor-clearfix\">\n\t\t\t\t<p>Le\u00a0Spa\u00a0Himalaya chez Au2 est v\u00e9ritablement un\u00a0havre de paix, con\u00e7u comme un d\u00e9cor de th\u00e9\u00e2tre aux couleurs du Tibet pour vous offrir une\u00a0exp\u00e9rience unique\u00a0et\u00a0relaxante\u00a0qui vous permettra de vous\u00a0ressourcer\u00a0en profondeur. Aussi bien le corps que l\u2019esprit\u00a0!<\/p><p>D\u00e8s votre arriv\u00e9e, vous serez envelopp\u00e9 dans une atmosph\u00e8re de\u00a0s\u00e9r\u00e9nit\u00e9, un r\u00eave bleu qui ondule avec les cr\u00e9pitements d\u2019une chemin\u00e9e.<\/p><p><strong>Les\u00a0peignoirs\u00a0douillets et les\u00a0serviettes\u00a0sont \u00e0 votre disposition<\/strong>, vous permettant de vous sentir imm\u00e9diatement \u00e0 l&#8217;aise dans ce\u00a0cocon\u00a0de\u00a0tranquillit\u00e9. Avec <strong>une coupe du cocktail \u00ab\u00a0Au nom de la rose \u00ab\u00a0 offert au bord du bassin.<\/strong><\/p><p>Le\u00a0spa\u00a0offre un\u00a0espace privatif\u00a0o\u00f9 vous pourrez\u00a0savourer\u00a0des\u00a0moments de d\u00e9tente\u00a0en toute intimit\u00e9, que ce soit en couple ou entre amis. Le\u00a0Spa\u00a0Himalaya se distingue par la qualit\u00e9 des soins propos\u00e9s, offrant <strong>des\u00a0massages relaxants<\/strong>\u00a0et\u00a0apaisants\u00a0con\u00e7us pour\u00a0\u00e9liminer les toxines\u00a0de votre corps et le stress li\u00e9 \u00e0 la vie active. Parmi les\u00a0soins propos\u00e9s, vous aurez l&#8217;occasion de d\u00e9couvrir des\u00a0protocoles\u00a0de\u00a0modelage\u00a0tels que le\u00a0massage californien, ou le modelage \u00ab\u00a0\u00e9veil des sens\u00a0\u00bb qui visent \u00e0 am\u00e9liorer\u00a0la circulation sanguine\u00a0et \u00e0 soulager les\u00a0tensions musculaires.<\/p><p>Vous pourrez profiter d&#8217;un\u00a0spa jacuzzi\u00a0entour\u00e9 de\u00a0bulles\u00a0apaisantes, o\u00f9 les\u00a0remous\u00a0d\u00e9licats vous invitent \u00e0 la\u00a0relaxation. Chaque\u00a0parenth\u00e8se\u00a0au\u00a0Spa\u00a0Himalaya est une invitation \u00e0 l\u2019\u00e9vasion.<\/p><p>\u00a0Que vous choisissiez un\u00a0week-end\u00a0romantique, un s\u00e9jour en famille\u00a0ou une simple\u00a0escapade, le\u00a0Spa\u00a0Himalaya chez Au2 promet une exp\u00e9rience\u00a0insolite\u00a0et m\u00e9morable. Vous y retrouverez un\u00a0espace d\u00e9di\u00e9\u00a0\u00e0 votre bien-\u00eatre, o\u00f9 chaque d\u00e9tail contribue \u00e0 un cadre\u00a0cosy\u00a0et\u00a0apaisant. Pensez aussi \u00e0 offrir un\u00a0bon-cadeau\u00a0\u00e0 un proche pour qu&#8217;il puisse lui aussi d\u00e9couvrir les\u00a0bienfaits\u00a0de cet\u00a0institut de l\u2019imaginaire, de cet havre de\u00a0d\u00e9tente.<\/p><p>En somme, le\u00a0Spa\u00a0Himalaya chez Au2 est plus qu&#8217;un lieu de soins. c&#8217;est <strong>une invitation \u00e0\u00a0relaxer\u00a0et \u00e0\u00a0se ressourcer<\/strong>, un espace unique o\u00f9 corps et esprit se rencontrent pour un voyage vers la\u00a0s\u00e9r\u00e9nit\u00e9. N&#8217;attendez plus pour vous offrir cette exp\u00e9rience enveloppante et revitalisante.<\/p>\t\t\t\t\t<\/div>\n\t\t\t\t\t\t<\/div>\n\t\t\t\t<\/div>\n\t\t\t\t\t\t<\/div>\n\t\t\t\t\t<\/div>\n\t\t<\/div>\n\t\t\t\t\t\t\t\t<\/div>\n\t\t\t\t\t<\/div>\n\t\t<\/section>\n\t\t\t\t<section class=\"elementor-section elementor-top-section elementor-element elementor-element-750cdc3 elementor-section-boxed elementor-section-height-default elementor-section-height-default\" data-id=\"750cdc3\" data-element_type=\"section\" data-settings=\"{&quot;_ha_eqh_enable&quot;:false}\">\n\t\t\t\t\t\t<div class=\"elementor-container elementor-column-gap-default\">\n\t\t\t\t\t\t\t<div class=\"elementor-row\">\n\t\t\t\t\t<div class=\"elementor-column elementor-col-100 elementor-top-column elementor-element elementor-element-641ec48\" data-id=\"641ec48\" data-element_type=\"column\">\n\t\t\t<div class=\"elementor-column-wrap elementor-element-populated\">\n\t\t\t\t\t\t\t<div class=\"elementor-widget-wrap\">\n\t\t\t\t\t\t<div class=\"elementor-element elementor-element-f0079d7 elementor-widget elementor-widget-ha-justified-gallery happy-addon ha-justified-gallery\" data-id=\"f0079d7\" data-element_type=\"widget\" data-settings=\"{&quot;row_height&quot;:{&quot;unit&quot;:&quot;px&quot;,&quot;size&quot;:150,&quot;sizes&quot;:[]},&quot;margins&quot;:{&quot;unit&quot;:&quot;px&quot;,&quot;size&quot;:10,&quot;sizes&quot;:[]},&quot;last_row&quot;:&quot;justify&quot;,&quot;enable_popup&quot;:&quot;yes&quot;}\" data-widget_type=\"ha-justified-gallery.default\">\n\t\t\t\t<div class=\"elementor-widget-container\">\n\t\t\t\n\t\t<div class=\"ha-justified-grid__wrap hajs-justified-grid\">\n\t\t\t\t\t\t\t<a href=\"#\" data-mfp-src=\"https:\/\/au2-maisondhotes.com\/wp-content\/uploads\/2025\/04\/IMG-20250410-WA0014-1024x683.jpg\" class=\"ha-justified-grid__item ha-js-lightbox __fltr-1\" title=\"\">\n\t\t\t\t\t<img loading=\"lazy\" decoding=\"async\" width=\"768\" height=\"512\" src=\"https:\/\/au2-maisondhotes.com\/wp-content\/uploads\/2025\/04\/IMG-20250410-WA0014-768x512.jpg\" class=\"elementor-animation-grow\" alt=\"\" srcset=\"https:\/\/au2-maisondhotes.com\/wp-content\/uploads\/2025\/04\/IMG-20250410-WA0014-768x512.jpg 768w, https:\/\/au2-maisondhotes.com\/wp-content\/uploads\/2025\/04\/IMG-20250410-WA0014-300x200.jpg 300w, https:\/\/au2-maisondhotes.com\/wp-content\/uploads\/2025\/04\/IMG-20250410-WA0014-1024x683.jpg 1024w, https:\/\/au2-maisondhotes.com\/wp-content\/uploads\/2025\/04\/IMG-20250410-WA0014-18x12.jpg 18w, https:\/\/au2-maisondhotes.com\/wp-content\/uploads\/2025\/04\/IMG-20250410-WA0014-1320x880.jpg 1320w, https:\/\/au2-maisondhotes.com\/wp-content\/uploads\/2025\/04\/IMG-20250410-WA0014.jpg 1440w\" sizes=\"(max-width: 768px) 100vw, 768px\" \/>\t\t\t\t<\/a>\n\t\t\t\t\t\t\t<a href=\"#\" data-mfp-src=\"https:\/\/au2-maisondhotes.com\/wp-content\/uploads\/2025\/04\/IMG-20250410-WA0016-681x1024.jpg\" class=\"ha-justified-grid__item ha-js-lightbox __fltr-1\" title=\"\">\n\t\t\t\t\t<img loading=\"lazy\" decoding=\"async\" width=\"768\" height=\"1155\" src=\"https:\/\/au2-maisondhotes.com\/wp-content\/uploads\/2025\/04\/IMG-20250410-WA0016-768x1155.jpg\" class=\"elementor-animation-grow\" alt=\"\" srcset=\"https:\/\/au2-maisondhotes.com\/wp-content\/uploads\/2025\/04\/IMG-20250410-WA0016-768x1155.jpg 768w, https:\/\/au2-maisondhotes.com\/wp-content\/uploads\/2025\/04\/IMG-20250410-WA0016-200x300.jpg 200w, https:\/\/au2-maisondhotes.com\/wp-content\/uploads\/2025\/04\/IMG-20250410-WA0016-681x1024.jpg 681w, https:\/\/au2-maisondhotes.com\/wp-content\/uploads\/2025\/04\/IMG-20250410-WA0016-1021x1536.jpg 1021w, https:\/\/au2-maisondhotes.com\/wp-content\/uploads\/2025\/04\/IMG-20250410-WA0016-8x12.jpg 8w, https:\/\/au2-maisondhotes.com\/wp-content\/uploads\/2025\/04\/IMG-20250410-WA0016.jpg 1064w\" sizes=\"(max-width: 768px) 100vw, 768px\" \/>\t\t\t\t<\/a>\n\t\t\t\t\t\t\t<a href=\"#\" data-mfp-src=\"https:\/\/au2-maisondhotes.com\/wp-content\/uploads\/2025\/04\/IMG-20250410-WA0001-1024x683.jpg\" class=\"ha-justified-grid__item ha-js-lightbox __fltr-1\" title=\"\">\n\t\t\t\t\t<img loading=\"lazy\" decoding=\"async\" width=\"768\" height=\"512\" src=\"https:\/\/au2-maisondhotes.com\/wp-content\/uploads\/2025\/04\/IMG-20250410-WA0001-768x512.jpg\" class=\"elementor-animation-grow\" alt=\"\" srcset=\"https:\/\/au2-maisondhotes.com\/wp-content\/uploads\/2025\/04\/IMG-20250410-WA0001-768x512.jpg 768w, https:\/\/au2-maisondhotes.com\/wp-content\/uploads\/2025\/04\/IMG-20250410-WA0001-300x200.jpg 300w, https:\/\/au2-maisondhotes.com\/wp-content\/uploads\/2025\/04\/IMG-20250410-WA0001-1024x683.jpg 1024w, https:\/\/au2-maisondhotes.com\/wp-content\/uploads\/2025\/04\/IMG-20250410-WA0001-18x12.jpg 18w, https:\/\/au2-maisondhotes.com\/wp-content\/uploads\/2025\/04\/IMG-20250410-WA0001-1320x880.jpg 1320w, https:\/\/au2-maisondhotes.com\/wp-content\/uploads\/2025\/04\/IMG-20250410-WA0001.jpg 1440w\" sizes=\"(max-width: 768px) 100vw, 768px\" \/>\t\t\t\t<\/a>\n\t\t\t\t\t<\/div>\n\n\t\t\t\t<\/div>\n\t\t\t\t<\/div>\n\t\t\t\t\t\t<\/div>\n\t\t\t\t\t<\/div>\n\t\t<\/div>\n\t\t\t\t\t\t\t\t<\/div>\n\t\t\t\t\t<\/div>\n\t\t<\/section>\n\t\t\t\t\t\t\t\t\t<\/div>\n\t\t\t<\/div>\n\t\t\t\t\t<\/div>","protected":false},"excerpt":{"rendered":"<p>Comment est l\u2019exp\u00e9rience offerte par le Spa Himalaya chez Au2 ? Le\u00a0Spa\u00a0Himalaya chez Au2 est v\u00e9ritablement un\u00a0havre de paix, con\u00e7u comme un d\u00e9cor de th\u00e9\u00e2tre aux couleurs du Tibet pour vous offrir une\u00a0exp\u00e9rience unique\u00a0et\u00a0relaxante\u00a0qui vous permettra de vous\u00a0ressourcer\u00a0en profondeur. Aussi bien le corps que l\u2019esprit\u00a0! D\u00e8s votre arriv\u00e9e, vous serez envelopp\u00e9 dans une atmosph\u00e8re de\u00a0s\u00e9r\u00e9nit\u00e9, &hellip;<\/p>\n<p class=\"read-more\"> <a class=\"\" href=\"https:\/\/au2-maisondhotes.com\/en\/comment-est-lexperience-offerte-par-le-spa-himalaya-chez-au2\/\"> <span class=\"screen-reader-text\">Comment est l\u2019exp\u00e9rience offerte par le Spa Himalaya chez Au2 ?<\/span> Read More &raquo;<\/a><\/p>","protected":false},"author":3,"featured_media":0,"parent":0,"menu_order":0,"comment_status":"closed","ping_status":"closed","template":"","meta":{"site-sidebar-layout":"no-sidebar","site-content-layout":"page-builder","ast-global-header-display":"","ast-main-header-display":"","ast-hfb-above-header-display":"","ast-hfb-below-header-display":"","ast-hfb-mobile-header-display":"","site-post-title":"disabled","ast-breadcrumbs-content":"","ast-featured-img":"disabled","footer-sml-layout":"","theme-transparent-header-meta":"","adv-header-id-meta":"","stick-header-meta":"","header-above-stick-meta":"","header-main-stick-meta":"","header-below-stick-meta":"","footnotes":""},"yoast_head":"<!-- This site is optimized with the Yoast SEO plugin v20.1 - https:\/\/yoast.com\/wordpress\/plugins\/seo\/ -->\n<title>Comment est l\u2019exp\u00e9rience offerte par le Spa Himalaya chez Au2 ? - Au2<\/title>\n<meta name=\"robots\" content=\"index, follow, max-snippet:-1, max-image-preview:large, max-video-preview:-1\" \/>\n<link rel=\"canonical\" href=\"https:\/\/au2-maisondhotes.com\/en\/comment-est-lexperience-offerte-par-le-spa-himalaya-chez-au2\/\" \/>\n<meta property=\"og:locale\" content=\"en_GB\" \/>\n<meta property=\"og:type\" content=\"article\" \/>\n<meta property=\"og:title\" content=\"Comment est l\u2019exp\u00e9rience offerte par le Spa Himalaya chez Au2 ? - Au2\" \/>\n<meta property=\"og:description\" content=\"Comment est l\u2019exp\u00e9rience offerte par le Spa Himalaya chez Au2 ? Le\u00a0Spa\u00a0Himalaya chez Au2 est v\u00e9ritablement un\u00a0havre de paix, con\u00e7u comme un d\u00e9cor de th\u00e9\u00e2tre aux couleurs du Tibet pour vous offrir une\u00a0exp\u00e9rience unique\u00a0et\u00a0relaxante\u00a0qui vous permettra de vous\u00a0ressourcer\u00a0en profondeur. Aussi bien le corps que l\u2019esprit\u00a0! D\u00e8s votre arriv\u00e9e, vous serez envelopp\u00e9 dans une atmosph\u00e8re de\u00a0s\u00e9r\u00e9nit\u00e9, &hellip; Comment est l\u2019exp\u00e9rience offerte par le Spa Himalaya chez Au2 ? Read More &raquo;\" \/>\n<meta property=\"og:url\" content=\"https:\/\/au2-maisondhotes.com\/en\/comment-est-lexperience-offerte-par-le-spa-himalaya-chez-au2\/\" \/>\n<meta property=\"og:site_name\" content=\"Au2\" \/>\n<meta property=\"article:modified_time\" content=\"2025-04-14T09:24:20+00:00\" \/>\n<meta property=\"og:image\" content=\"https:\/\/au2-maisondhotes.com\/wp-content\/uploads\/2025\/04\/IMG-20250410-WA0014-768x512.jpg\" \/>\n<meta name=\"twitter:card\" content=\"summary_large_image\" \/>\n<meta name=\"twitter:label1\" content=\"Estimated reading time\" \/>\n\t<meta name=\"twitter:data1\" content=\"3 minutes\" \/>\n<!-- \/ Yoast SEO plugin. -->","yoast_head_json":{"title":"Comment est l\u2019exp\u00e9rience offerte par le Spa Himalaya chez Au2 ? - Au2","robots":{"index":"index","follow":"follow","max-snippet":"max-snippet:-1","max-image-preview":"max-image-preview:large","max-video-preview":"max-video-preview:-1"},"canonical":"https:\/\/au2-maisondhotes.com\/en\/comment-est-lexperience-offerte-par-le-spa-himalaya-chez-au2\/","og_locale":"en_GB","og_type":"article","og_title":"Comment est l\u2019exp\u00e9rience offerte par le Spa Himalaya chez Au2 ? - Au2","og_description":"Comment est l\u2019exp\u00e9rience offerte par le Spa Himalaya chez Au2 ? Le\u00a0Spa\u00a0Himalaya chez Au2 est v\u00e9ritablement un\u00a0havre de paix, con\u00e7u comme un d\u00e9cor de th\u00e9\u00e2tre aux couleurs du Tibet pour vous offrir une\u00a0exp\u00e9rience unique\u00a0et\u00a0relaxante\u00a0qui vous permettra de vous\u00a0ressourcer\u00a0en profondeur. Aussi bien le corps que l\u2019esprit\u00a0! D\u00e8s votre arriv\u00e9e, vous serez envelopp\u00e9 dans une atmosph\u00e8re de\u00a0s\u00e9r\u00e9nit\u00e9, &hellip; Comment est l\u2019exp\u00e9rience offerte par le Spa Himalaya chez Au2 ? Read More &raquo;","og_url":"https:\/\/au2-maisondhotes.com\/en\/comment-est-lexperience-offerte-par-le-spa-himalaya-chez-au2\/","og_site_name":"Au2","article_modified_time":"2025-04-14T09:24:20+00:00","og_image":[{"url":"https:\/\/au2-maisondhotes.com\/wp-content\/uploads\/2025\/04\/IMG-20250410-WA0014-768x512.jpg"}],"twitter_card":"summary_large_image","twitter_misc":{"Estimated reading time":"3 minutes"},"schema":{"@context":"https:\/\/schema.org","@graph":[{"@type":"WebPage","@id":"https:\/\/au2-maisondhotes.com\/comment-est-lexperience-offerte-par-le-spa-himalaya-chez-au2\/","url":"https:\/\/au2-maisondhotes.com\/comment-est-lexperience-offerte-par-le-spa-himalaya-chez-au2\/","name":"Comment est l\u2019exp\u00e9rience offerte par le Spa Himalaya chez Au2 ? - Au2","isPartOf":{"@id":"https:\/\/au2-maisondhotes.com\/#website"},"datePublished":"2025-04-14T09:18:40+00:00","dateModified":"2025-04-14T09:24:20+00:00","breadcrumb":{"@id":"https:\/\/au2-maisondhotes.com\/comment-est-lexperience-offerte-par-le-spa-himalaya-chez-au2\/#breadcrumb"},"inLanguage":"en-GB","potentialAction":[{"@type":"ReadAction","target":["https:\/\/au2-maisondhotes.com\/comment-est-lexperience-offerte-par-le-spa-himalaya-chez-au2\/"]}]},{"@type":"BreadcrumbList","@id":"https:\/\/au2-maisondhotes.com\/comment-est-lexperience-offerte-par-le-spa-himalaya-chez-au2\/#breadcrumb","itemListElement":[{"@type":"ListItem","position":1,"name":"Accueil","item":"https:\/\/au2-maisondhotes.com\/"},{"@type":"ListItem","position":2,"name":"Comment est l\u2019exp\u00e9rience offerte par le Spa Himalaya chez Au2 ?"}]},{"@type":"WebSite","@id":"https:\/\/au2-maisondhotes.com\/#website","url":"https:\/\/au2-maisondhotes.com\/","name":"Au2","description":"Maison d&#039;h\u00f4tes","potentialAction":[{"@type":"SearchAction","target":{"@type":"EntryPoint","urlTemplate":"https:\/\/au2-maisondhotes.com\/?s={search_term_string}"},"query-input":"required name=search_term_string"}],"inLanguage":"en-GB"}]}},"_links":{"self":[{"href":"https:\/\/au2-maisondhotes.com\/en\/wp-json\/wp\/v2\/pages\/3528"}],"collection":[{"href":"https:\/\/au2-maisondhotes.com\/en\/wp-json\/wp\/v2\/pages"}],"about":[{"href":"https:\/\/au2-maisondhotes.com\/en\/wp-json\/wp\/v2\/types\/page"}],"author":[{"embeddable":true,"href":"https:\/\/au2-maisondhotes.com\/en\/wp-json\/wp\/v2\/users\/3"}],"replies":[{"embeddable":true,"href":"https:\/\/au2-maisondhotes.com\/en\/wp-json\/wp\/v2\/comments?post=3528"}],"version-history":[{"count":7,"href":"https:\/\/au2-maisondhotes.com\/en\/wp-json\/wp\/v2\/pages\/3528\/revisions"}],"predecessor-version":[{"id":3539,"href":"https:\/\/au2-maisondhotes.com\/en\/wp-json\/wp\/v2\/pages\/3528\/revisions\/3539"}],"wp:attachment":[{"href":"https:\/\/au2-maisondhotes.com\/en\/wp-json\/wp\/v2\/media?parent=3528"}],"curies":[{"name":"wp","href":"https:\/\/api.w.org\/{rel}","templated":true}]}}