{"id":3511,"date":"2025-04-14T09:05:16","date_gmt":"2025-04-14T09:05:16","guid":{"rendered":"https:\/\/au2-maisondhotes.com\/?page_id=3511"},"modified":"2025-04-14T09:11:17","modified_gmt":"2025-04-14T09:11:17","slug":"quelles-sont-les-particularites-des-suites-thematiques-proposees-par-la-maison-d-hotes-au2","status":"publish","type":"page","link":"https:\/\/au2-maisondhotes.com\/en\/quelles-sont-les-particularites-des-suites-thematiques-proposees-par-la-maison-d-hotes-au2\/","title":{"rendered":"Quelles sont les particularit\u00e9s des suites th\u00e9matiques propos\u00e9es par la maison d h\u00f4tes Au2 ?"},"content":{"rendered":"<div data-elementor-type=\"wp-page\" data-elementor-id=\"3511\" class=\"elementor elementor-3511\">\n\t\t\t\t\t\t<div class=\"elementor-inner\">\n\t\t\t\t<div class=\"elementor-section-wrap\">\n\t\t\t\t\t\t\t\t\t<section class=\"elementor-section elementor-top-section elementor-element elementor-element-365a894 elementor-section-boxed elementor-section-height-default elementor-section-height-default\" data-id=\"365a894\" data-element_type=\"section\" data-settings=\"{&quot;_ha_eqh_enable&quot;:false}\">\n\t\t\t\t\t\t<div class=\"elementor-container elementor-column-gap-default\">\n\t\t\t\t\t\t\t<div class=\"elementor-row\">\n\t\t\t\t\t<div class=\"elementor-column elementor-col-100 elementor-top-column elementor-element elementor-element-5f8dd20\" data-id=\"5f8dd20\" data-element_type=\"column\">\n\t\t\t<div class=\"elementor-column-wrap elementor-element-populated\">\n\t\t\t\t\t\t\t<div class=\"elementor-widget-wrap\">\n\t\t\t\t\t\t<div class=\"elementor-element elementor-element-30498f2 elementor-widget elementor-widget-spacer\" data-id=\"30498f2\" data-element_type=\"widget\" data-widget_type=\"spacer.default\">\n\t\t\t\t<div class=\"elementor-widget-container\">\n\t\t\t\t\t<div class=\"elementor-spacer\">\n\t\t\t<div class=\"elementor-spacer-inner\"><\/div>\n\t\t<\/div>\n\t\t\t\t<\/div>\n\t\t\t\t<\/div>\n\t\t\t\t<div class=\"elementor-element elementor-element-75486cc elementor-widget elementor-widget-heading\" data-id=\"75486cc\" data-element_type=\"widget\" data-widget_type=\"heading.default\">\n\t\t\t\t<div class=\"elementor-widget-container\">\n\t\t\t<h2 class=\"elementor-heading-title elementor-size-default\">Quelles sont les particularit\u00e9s des suites th\u00e9matiques propos\u00e9es par la maison d h\u00f4tes Au2 ?<\/h2>\t\t<\/div>\n\t\t\t\t<\/div>\n\t\t\t\t\t\t<\/div>\n\t\t\t\t\t<\/div>\n\t\t<\/div>\n\t\t\t\t\t\t\t\t<\/div>\n\t\t\t\t\t<\/div>\n\t\t<\/section>\n\t\t\t\t<section class=\"elementor-section elementor-top-section elementor-element elementor-element-16b480a elementor-section-boxed elementor-section-height-default elementor-section-height-default\" data-id=\"16b480a\" data-element_type=\"section\" data-settings=\"{&quot;_ha_eqh_enable&quot;:false}\">\n\t\t\t\t\t\t<div class=\"elementor-container elementor-column-gap-default\">\n\t\t\t\t\t\t\t<div class=\"elementor-row\">\n\t\t\t\t\t<div class=\"elementor-column elementor-col-100 elementor-top-column elementor-element elementor-element-b7c0212\" data-id=\"b7c0212\" data-element_type=\"column\">\n\t\t\t<div class=\"elementor-column-wrap elementor-element-populated\">\n\t\t\t\t\t\t\t<div class=\"elementor-widget-wrap\">\n\t\t\t\t\t\t<div class=\"elementor-element elementor-element-0d0997b elementor-widget elementor-widget-text-editor\" data-id=\"0d0997b\" data-element_type=\"widget\" data-widget_type=\"text-editor.default\">\n\t\t\t\t<div class=\"elementor-widget-container\">\n\t\t\t\t\t\t\t\t<div class=\"elementor-text-editor elementor-clearfix\">\n\t\t\t\t<p>La maison d&#8217;h\u00f4tes Au2 se distingue par ses suites th\u00e9matiques uniques et envo\u00fbtantes, offrant une <strong>exp\u00e9rience de s\u00e9jour th\u00e9\u00e2tralis\u00e9<\/strong> inoubliable aux visiteurs en qu\u00eate de d\u00e9tente et de d\u00e9paysement.<\/p><p>Nich\u00e9e au c\u0153ur de la verdure et \u00e0 proximit\u00e9 de sites remarquables tels que Gerberoy, la Baie de Somme , les jardins de van Beck, Au2 est l&#8217;endroit parfait pour une <strong>escapade romantique et insolite<\/strong>. Les suites th\u00e9matiques sont con\u00e7ues pour \u00e9voquer une atmosph\u00e8re chaleureuse et accueillante, dans un monde du r\u00eave et de l\u2019imagination<\/p><p>Chaque chambre d&#8217;h\u00f4tes est d\u00e9cor\u00e9e avec soin, proposant des literies douillettes et confortables qui invitent \u00e0 la relaxation.<\/p><p>Les h\u00f4tes peuvent profiter de vastes suites spacieuses, \u00e9quip\u00e9es de <strong>salles d&#8217;eau modernes et de coin-salons agr\u00e9ables<\/strong>, o\u00f9 les petits-d\u00e9jeuners copieux sont pr\u00e9par\u00e9s avec des produits locaux pour une exp\u00e9rience gustative authentique.<\/p><p>Pour un moment de d\u00e9tente absolue, rendez-vous au <strong>spa Himalaya avec son bain \u00e0 remous<\/strong>, jacuzzis permettant aux visiteurs de se ressourcer dans un cocon de confort et ses services de massage<\/p><p>\u00a0Les familles autant que les couples d\u2019amoureux appr\u00e9cieront particuli\u00e8rement les grands espaces avec des aires de jeux tels que le Badminton, les hamacs, les animations sc\u00e9nographiques, le tipi de No\u00ebl ou la plage \u00ab\u00a0Flamingo beach\u00a0\u00bb et bien s\u00fbr <strong>une chasse au tr\u00e9sor interactive<\/strong> (fa\u00e7on escape Game) pour la joie des familles, des couples ou des groupes tels que les EVJF ou les mariages en petits comit\u00e9s par exemple.<\/p><p>Et puis, vous pourrez d\u00e9couvrir les activit\u00e9s disponibles dans les environs, notamment des sentiers de randonn\u00e9es en for\u00eat ou dans la campagne, les parcs r\u00e9gionaux, des jardins extraordinaires et parmi les plus beaux villages de France.<\/p><p>Chaque h\u00e9bergement est soigneusement am\u00e9nag\u00e9 pour assurer un confort maximal, tout en offrant un acc\u00e8s privil\u00e9gi\u00e9 \u00e0 la nature. Pour ceux qui cherchent l&#8217;exclusivit\u00e9, les suites disposent d&#8217;une entr\u00e9e privative et d&#8217;espaces de vie tr\u00e8s confortables, rendant chaque s\u00e9jour unique et personnalisable.<\/p><p>Que ce soit pour un week-end romantique, ou un s\u00e9jour en famille insolite, Au2 propose une multitude d&#8217;options enchant\u00e9es pour tous les go\u00fbts. En somme, les suites th\u00e9matiques de la maison d&#8217;h\u00f4tes Au2 vous promettent un s\u00e9jour inoubliable dans un \u00e9crin de nature, alliant confort, \u00e9vasion, s\u00e9r\u00e9nit\u00e9 et une diversit\u00e9 d\u2019activit\u00e9s.<\/p>\t\t\t\t\t<\/div>\n\t\t\t\t\t\t<\/div>\n\t\t\t\t<\/div>\n\t\t\t\t\t\t<\/div>\n\t\t\t\t\t<\/div>\n\t\t<\/div>\n\t\t\t\t\t\t\t\t<\/div>\n\t\t\t\t\t<\/div>\n\t\t<\/section>\n\t\t\t\t<section class=\"elementor-section elementor-top-section elementor-element elementor-element-5c9c515 elementor-section-boxed elementor-section-height-default elementor-section-height-default\" data-id=\"5c9c515\" data-element_type=\"section\" data-settings=\"{&quot;_ha_eqh_enable&quot;:false}\">\n\t\t\t\t\t\t<div class=\"elementor-container elementor-column-gap-default\">\n\t\t\t\t\t\t\t<div class=\"elementor-row\">\n\t\t\t\t\t<div class=\"elementor-column elementor-col-100 elementor-top-column elementor-element elementor-element-326e3f7\" data-id=\"326e3f7\" data-element_type=\"column\">\n\t\t\t<div class=\"elementor-column-wrap elementor-element-populated\">\n\t\t\t\t\t\t\t<div class=\"elementor-widget-wrap\">\n\t\t\t\t\t\t<div class=\"elementor-element elementor-element-1914855 elementor-widget elementor-widget-ha-justified-gallery happy-addon ha-justified-gallery\" data-id=\"1914855\" data-element_type=\"widget\" data-settings=\"{&quot;row_height&quot;:{&quot;unit&quot;:&quot;px&quot;,&quot;size&quot;:150,&quot;sizes&quot;:[]},&quot;margins&quot;:{&quot;unit&quot;:&quot;px&quot;,&quot;size&quot;:10,&quot;sizes&quot;:[]},&quot;last_row&quot;:&quot;justify&quot;,&quot;enable_popup&quot;:&quot;yes&quot;}\" data-widget_type=\"ha-justified-gallery.default\">\n\t\t\t\t<div class=\"elementor-widget-container\">\n\t\t\t\n\t\t<div class=\"ha-justified-grid__wrap hajs-justified-grid\">\n\t\t\t\t\t\t\t<a href=\"#\" data-mfp-src=\"https:\/\/au2-maisondhotes.com\/wp-content\/uploads\/2025\/04\/IMG-20250410-WA0009-771x1024.jpg\" class=\"ha-justified-grid__item ha-js-lightbox __fltr-1\" title=\"\">\n\t\t\t\t\t<img loading=\"lazy\" decoding=\"async\" width=\"768\" height=\"1021\" src=\"https:\/\/au2-maisondhotes.com\/wp-content\/uploads\/2025\/04\/IMG-20250410-WA0009-768x1021.jpg\" class=\"elementor-animation-grow\" alt=\"\" srcset=\"https:\/\/au2-maisondhotes.com\/wp-content\/uploads\/2025\/04\/IMG-20250410-WA0009-768x1021.jpg 768w, https:\/\/au2-maisondhotes.com\/wp-content\/uploads\/2025\/04\/IMG-20250410-WA0009-226x300.jpg 226w, https:\/\/au2-maisondhotes.com\/wp-content\/uploads\/2025\/04\/IMG-20250410-WA0009-771x1024.jpg 771w, https:\/\/au2-maisondhotes.com\/wp-content\/uploads\/2025\/04\/IMG-20250410-WA0009-1156x1536.jpg 1156w, https:\/\/au2-maisondhotes.com\/wp-content\/uploads\/2025\/04\/IMG-20250410-WA0009-9x12.jpg 9w, https:\/\/au2-maisondhotes.com\/wp-content\/uploads\/2025\/04\/IMG-20250410-WA0009.jpg 1204w\" sizes=\"auto, (max-width: 768px) 100vw, 768px\" \/>\t\t\t\t<\/a>\n\t\t\t\t\t\t\t<a href=\"#\" data-mfp-src=\"https:\/\/au2-maisondhotes.com\/wp-content\/uploads\/2025\/04\/IMG-20250410-WA0007-692x1024.jpg\" class=\"ha-justified-grid__item ha-js-lightbox __fltr-1\" title=\"\">\n\t\t\t\t\t<img loading=\"lazy\" decoding=\"async\" width=\"768\" height=\"1137\" src=\"https:\/\/au2-maisondhotes.com\/wp-content\/uploads\/2025\/04\/IMG-20250410-WA0007-768x1137.jpg\" class=\"elementor-animation-grow\" alt=\"\" srcset=\"https:\/\/au2-maisondhotes.com\/wp-content\/uploads\/2025\/04\/IMG-20250410-WA0007-768x1137.jpg 768w, https:\/\/au2-maisondhotes.com\/wp-content\/uploads\/2025\/04\/IMG-20250410-WA0007-203x300.jpg 203w, https:\/\/au2-maisondhotes.com\/wp-content\/uploads\/2025\/04\/IMG-20250410-WA0007-692x1024.jpg 692w, https:\/\/au2-maisondhotes.com\/wp-content\/uploads\/2025\/04\/IMG-20250410-WA0007-1038x1536.jpg 1038w, https:\/\/au2-maisondhotes.com\/wp-content\/uploads\/2025\/04\/IMG-20250410-WA0007-8x12.jpg 8w, https:\/\/au2-maisondhotes.com\/wp-content\/uploads\/2025\/04\/IMG-20250410-WA0007.jpg 1081w\" sizes=\"auto, (max-width: 768px) 100vw, 768px\" \/>\t\t\t\t<\/a>\n\t\t\t\t\t\t\t<a href=\"#\" data-mfp-src=\"https:\/\/au2-maisondhotes.com\/wp-content\/uploads\/2025\/04\/IMG-20250410-WA0004-1024x771.jpg\" class=\"ha-justified-grid__item ha-js-lightbox __fltr-1\" title=\"\">\n\t\t\t\t\t<img loading=\"lazy\" decoding=\"async\" width=\"768\" height=\"578\" src=\"https:\/\/au2-maisondhotes.com\/wp-content\/uploads\/2025\/04\/IMG-20250410-WA0004-768x578.jpg\" class=\"elementor-animation-grow\" alt=\"\" srcset=\"https:\/\/au2-maisondhotes.com\/wp-content\/uploads\/2025\/04\/IMG-20250410-WA0004-768x578.jpg 768w, https:\/\/au2-maisondhotes.com\/wp-content\/uploads\/2025\/04\/IMG-20250410-WA0004-300x226.jpg 300w, https:\/\/au2-maisondhotes.com\/wp-content\/uploads\/2025\/04\/IMG-20250410-WA0004-1024x771.jpg 1024w, https:\/\/au2-maisondhotes.com\/wp-content\/uploads\/2025\/04\/IMG-20250410-WA0004-1536x1156.jpg 1536w, https:\/\/au2-maisondhotes.com\/wp-content\/uploads\/2025\/04\/IMG-20250410-WA0004-16x12.jpg 16w, https:\/\/au2-maisondhotes.com\/wp-content\/uploads\/2025\/04\/IMG-20250410-WA0004-1320x993.jpg 1320w, https:\/\/au2-maisondhotes.com\/wp-content\/uploads\/2025\/04\/IMG-20250410-WA0004.jpg 1600w\" sizes=\"auto, (max-width: 768px) 100vw, 768px\" \/>\t\t\t\t<\/a>\n\t\t\t\t\t<\/div>\n\n\t\t\t\t<\/div>\n\t\t\t\t<\/div>\n\t\t\t\t\t\t<\/div>\n\t\t\t\t\t<\/div>\n\t\t<\/div>\n\t\t\t\t\t\t\t\t<\/div>\n\t\t\t\t\t<\/div>\n\t\t<\/section>\n\t\t\t\t\t\t\t\t\t<\/div>\n\t\t\t<\/div>\n\t\t\t\t\t<\/div>","protected":false},"excerpt":{"rendered":"<p>Quelles sont les particularit\u00e9s des suites th\u00e9matiques propos\u00e9es par la maison d h\u00f4tes Au2 ? La maison d&#8217;h\u00f4tes Au2 se distingue par ses suites th\u00e9matiques uniques et envo\u00fbtantes, offrant une exp\u00e9rience de s\u00e9jour th\u00e9\u00e2tralis\u00e9 inoubliable aux visiteurs en qu\u00eate de d\u00e9tente et de d\u00e9paysement. Nich\u00e9e au c\u0153ur de la verdure et \u00e0 proximit\u00e9 de sites &hellip;<\/p>\n<p class=\"read-more\"> <a class=\"\" href=\"https:\/\/au2-maisondhotes.com\/en\/quelles-sont-les-particularites-des-suites-thematiques-proposees-par-la-maison-d-hotes-au2\/\"> <span class=\"screen-reader-text\">Quelles sont les particularit\u00e9s des suites th\u00e9matiques propos\u00e9es par la maison d h\u00f4tes Au2 ?<\/span> Read More &raquo;<\/a><\/p>","protected":false},"author":3,"featured_media":0,"parent":0,"menu_order":0,"comment_status":"closed","ping_status":"closed","template":"","meta":{"site-sidebar-layout":"no-sidebar","site-content-layout":"page-builder","ast-global-header-display":"","ast-main-header-display":"","ast-hfb-above-header-display":"","ast-hfb-below-header-display":"","ast-hfb-mobile-header-display":"","site-post-title":"disabled","ast-breadcrumbs-content":"","ast-featured-img":"disabled","footer-sml-layout":"","theme-transparent-header-meta":"","adv-header-id-meta":"","stick-header-meta":"","header-above-stick-meta":"","header-main-stick-meta":"","header-below-stick-meta":"","footnotes":""},"class_list":["post-3511","page","type-page","status-publish","hentry"],"yoast_head":"<!-- This site is optimized with the Yoast SEO plugin v20.1 - https:\/\/yoast.com\/wordpress\/plugins\/seo\/ -->\n<title>Quelles sont les particularit\u00e9s des suites th\u00e9matiques propos\u00e9es par la maison d h\u00f4tes Au2 ? - Au2<\/title>\n<meta name=\"robots\" content=\"index, follow, max-snippet:-1, max-image-preview:large, max-video-preview:-1\" \/>\n<link rel=\"canonical\" href=\"https:\/\/au2-maisondhotes.com\/en\/quelles-sont-les-particularites-des-suites-thematiques-proposees-par-la-maison-d-hotes-au2\/\" \/>\n<meta property=\"og:locale\" content=\"en_GB\" \/>\n<meta property=\"og:type\" content=\"article\" \/>\n<meta property=\"og:title\" content=\"Quelles sont les particularit\u00e9s des suites th\u00e9matiques propos\u00e9es par la maison d h\u00f4tes Au2 ? - Au2\" \/>\n<meta property=\"og:description\" content=\"Quelles sont les particularit\u00e9s des suites th\u00e9matiques propos\u00e9es par la maison d h\u00f4tes Au2 ? La maison d&#8217;h\u00f4tes Au2 se distingue par ses suites th\u00e9matiques uniques et envo\u00fbtantes, offrant une exp\u00e9rience de s\u00e9jour th\u00e9\u00e2tralis\u00e9 inoubliable aux visiteurs en qu\u00eate de d\u00e9tente et de d\u00e9paysement. Nich\u00e9e au c\u0153ur de la verdure et \u00e0 proximit\u00e9 de sites &hellip; Quelles sont les particularit\u00e9s des suites th\u00e9matiques propos\u00e9es par la maison d h\u00f4tes Au2 ? Read More &raquo;\" \/>\n<meta property=\"og:url\" content=\"https:\/\/au2-maisondhotes.com\/en\/quelles-sont-les-particularites-des-suites-thematiques-proposees-par-la-maison-d-hotes-au2\/\" \/>\n<meta property=\"og:site_name\" content=\"Au2\" \/>\n<meta property=\"article:modified_time\" content=\"2025-04-14T09:11:17+00:00\" \/>\n<meta property=\"og:image\" content=\"https:\/\/au2-maisondhotes.com\/wp-content\/uploads\/2025\/04\/IMG-20250410-WA0009-768x1021.jpg\" \/>\n<meta name=\"twitter:card\" content=\"summary_large_image\" \/>\n<meta name=\"twitter:label1\" content=\"Estimated reading time\" \/>\n\t<meta name=\"twitter:data1\" content=\"3 minutes\" \/>\n<!-- \/ Yoast SEO plugin. -->","yoast_head_json":{"title":"Quelles sont les particularit\u00e9s des suites th\u00e9matiques propos\u00e9es par la maison d h\u00f4tes Au2 ? - Au2","robots":{"index":"index","follow":"follow","max-snippet":"max-snippet:-1","max-image-preview":"max-image-preview:large","max-video-preview":"max-video-preview:-1"},"canonical":"https:\/\/au2-maisondhotes.com\/en\/quelles-sont-les-particularites-des-suites-thematiques-proposees-par-la-maison-d-hotes-au2\/","og_locale":"en_GB","og_type":"article","og_title":"Quelles sont les particularit\u00e9s des suites th\u00e9matiques propos\u00e9es par la maison d h\u00f4tes Au2 ? - Au2","og_description":"Quelles sont les particularit\u00e9s des suites th\u00e9matiques propos\u00e9es par la maison d h\u00f4tes Au2 ? La maison d&#8217;h\u00f4tes Au2 se distingue par ses suites th\u00e9matiques uniques et envo\u00fbtantes, offrant une exp\u00e9rience de s\u00e9jour th\u00e9\u00e2tralis\u00e9 inoubliable aux visiteurs en qu\u00eate de d\u00e9tente et de d\u00e9paysement. Nich\u00e9e au c\u0153ur de la verdure et \u00e0 proximit\u00e9 de sites &hellip; Quelles sont les particularit\u00e9s des suites th\u00e9matiques propos\u00e9es par la maison d h\u00f4tes Au2 ? Read More &raquo;","og_url":"https:\/\/au2-maisondhotes.com\/en\/quelles-sont-les-particularites-des-suites-thematiques-proposees-par-la-maison-d-hotes-au2\/","og_site_name":"Au2","article_modified_time":"2025-04-14T09:11:17+00:00","og_image":[{"url":"https:\/\/au2-maisondhotes.com\/wp-content\/uploads\/2025\/04\/IMG-20250410-WA0009-768x1021.jpg"}],"twitter_card":"summary_large_image","twitter_misc":{"Estimated reading time":"3 minutes"},"schema":{"@context":"https:\/\/schema.org","@graph":[{"@type":"WebPage","@id":"https:\/\/au2-maisondhotes.com\/quelles-sont-les-particularites-des-suites-thematiques-proposees-par-la-maison-d-hotes-au2\/","url":"https:\/\/au2-maisondhotes.com\/quelles-sont-les-particularites-des-suites-thematiques-proposees-par-la-maison-d-hotes-au2\/","name":"Quelles sont les particularit\u00e9s des suites th\u00e9matiques propos\u00e9es par la maison d h\u00f4tes Au2 ? - Au2","isPartOf":{"@id":"https:\/\/au2-maisondhotes.com\/#website"},"datePublished":"2025-04-14T09:05:16+00:00","dateModified":"2025-04-14T09:11:17+00:00","breadcrumb":{"@id":"https:\/\/au2-maisondhotes.com\/quelles-sont-les-particularites-des-suites-thematiques-proposees-par-la-maison-d-hotes-au2\/#breadcrumb"},"inLanguage":"en-GB","potentialAction":[{"@type":"ReadAction","target":["https:\/\/au2-maisondhotes.com\/quelles-sont-les-particularites-des-suites-thematiques-proposees-par-la-maison-d-hotes-au2\/"]}]},{"@type":"BreadcrumbList","@id":"https:\/\/au2-maisondhotes.com\/quelles-sont-les-particularites-des-suites-thematiques-proposees-par-la-maison-d-hotes-au2\/#breadcrumb","itemListElement":[{"@type":"ListItem","position":1,"name":"Accueil","item":"https:\/\/au2-maisondhotes.com\/"},{"@type":"ListItem","position":2,"name":"Quelles sont les particularit\u00e9s des suites th\u00e9matiques propos\u00e9es par la maison d h\u00f4tes Au2 ?"}]},{"@type":"WebSite","@id":"https:\/\/au2-maisondhotes.com\/#website","url":"https:\/\/au2-maisondhotes.com\/","name":"Au2","description":"Maison d&#039;h\u00f4tes","potentialAction":[{"@type":"SearchAction","target":{"@type":"EntryPoint","urlTemplate":"https:\/\/au2-maisondhotes.com\/?s={search_term_string}"},"query-input":"required name=search_term_string"}],"inLanguage":"en-GB"}]}},"_links":{"self":[{"href":"https:\/\/au2-maisondhotes.com\/en\/wp-json\/wp\/v2\/pages\/3511","targetHints":{"allow":["GET"]}}],"collection":[{"href":"https:\/\/au2-maisondhotes.com\/en\/wp-json\/wp\/v2\/pages"}],"about":[{"href":"https:\/\/au2-maisondhotes.com\/en\/wp-json\/wp\/v2\/types\/page"}],"author":[{"embeddable":true,"href":"https:\/\/au2-maisondhotes.com\/en\/wp-json\/wp\/v2\/users\/3"}],"replies":[{"embeddable":true,"href":"https:\/\/au2-maisondhotes.com\/en\/wp-json\/wp\/v2\/comments?post=3511"}],"version-history":[{"count":12,"href":"https:\/\/au2-maisondhotes.com\/en\/wp-json\/wp\/v2\/pages\/3511\/revisions"}],"predecessor-version":[{"id":3527,"href":"https:\/\/au2-maisondhotes.com\/en\/wp-json\/wp\/v2\/pages\/3511\/revisions\/3527"}],"wp:attachment":[{"href":"https:\/\/au2-maisondhotes.com\/en\/wp-json\/wp\/v2\/media?parent=3511"}],"curies":[{"name":"wp","href":"https:\/\/api.w.org\/{rel}","templated":true}]}}