{"id":1524,"date":"2020-11-29T15:40:56","date_gmt":"2020-11-29T15:40:56","guid":{"rendered":"https:\/\/au2-maisondhotes.com\/?page_id=1524"},"modified":"2020-11-29T15:54:52","modified_gmt":"2020-11-29T15:54:52","slug":"mentions-legales","status":"publish","type":"page","link":"https:\/\/au2-maisondhotes.com\/en\/mentions-legales\/","title":{"rendered":"Mentions l\u00e9gales"},"content":{"rendered":"<div data-elementor-type=\"wp-page\" data-elementor-id=\"1524\" class=\"elementor elementor-1524\">\n\t\t\t\t\t\t<div class=\"elementor-inner\">\n\t\t\t\t<div class=\"elementor-section-wrap\">\n\t\t\t\t\t\t\t\t\t<section class=\"elementor-section elementor-top-section elementor-element elementor-element-ad1e3c7 elementor-section-boxed elementor-section-height-default elementor-section-height-default\" data-id=\"ad1e3c7\" data-element_type=\"section\" data-settings=\"{&quot;_ha_eqh_enable&quot;:false}\">\n\t\t\t\t\t\t<div class=\"elementor-container elementor-column-gap-default\">\n\t\t\t\t\t\t\t<div class=\"elementor-row\">\n\t\t\t\t\t<div class=\"elementor-column elementor-col-100 elementor-top-column elementor-element elementor-element-f6cd05f\" data-id=\"f6cd05f\" data-element_type=\"column\">\n\t\t\t<div class=\"elementor-column-wrap elementor-element-populated\">\n\t\t\t\t\t\t\t<div class=\"elementor-widget-wrap\">\n\t\t\t\t\t\t<div class=\"elementor-element elementor-element-25caa4f elementor-widget elementor-widget-html\" data-id=\"25caa4f\" data-element_type=\"widget\" data-widget_type=\"html.default\">\n\t\t\t\t<div class=\"elementor-widget-container\">\n\t\t\t\r\n\r\n<h1>MENTIONS LEGALES :<\/h1>\r\n\r\n<p style=\"text-align:justify\"><strong>\u00a0<\/strong><br \/>\r\nConform\u00e9ment aux dispositions des articles 6-III et 19 de la Loi n\u00b0 2004-575 du 21 juin 2004 pour la Confiance dans l'\u00e9conomie num\u00e9rique, dite L.C.E.N., nous portons \u00e0 la connaissance des utilisateurs et visiteurs du site : <a href=\"https:\/\/au2-maisondhotes.com\/en\/\" target=\"_blank\">au2-maisondhotes.com<\/a> les informations suivantes :<\/p>\r\n\r\n<p style=\"text-align:justify\"><strong>\u00c9DITEUR<\/strong><\/p>\r\n\r\n<p style=\"text-align:justify\">Le site <a href=\"https:\/\/au2-maisondhotes.com\/en\/\" style=\"color: rgb(7, 130, 193); font-family: sans-serif, Arial, Verdana, \" target=\"_blank\">au2-maisondhotes.com<\/a>\u00a0est la propri\u00e9t\u00e9 exclusive de\u00a0<strong>Groupement de droit priv\u00e9\u00a0<\/strong><strong>Korso-Maviel<\/strong>, qui l'\u00e9dite.<\/p>\r\n\r\n<p style=\"text-align:justify\"><strong>Korso-Maviel<\/strong><strong>\u00a0<\/strong><br \/>\r\n<strong>Groupement de droit priv\u00e9 <\/strong>au capital de<strong>\u00a0<\/strong><strong>NC <\/strong>\u20acT\u00e9l\u00a0 : <strong>0344152392<\/strong><\/p>\r\n\r\n<p style=\"text-align:justify\"><strong>2 rue Marcel Dassault\u00a0<\/strong><strong>60480 Muidorge<\/strong><br \/>\r\nImmatricul\u00e9e au Registre du Commerce et des Soci\u00e9t\u00e9s de\u00a0\u00a0<strong>Beauvais <\/strong>sous le num\u00e9ro<strong>\u00a0<\/strong><strong>82150312500014<\/strong><strong>\u00a0<\/strong><\/p>\r\n\r\n<p style=\"text-align:justify\">Num\u00e9ro TVA intracommunautaire : <strong>FR 26 821503125<\/strong><br \/>\r\nAdresse de courrier \u00e9lectronique : <strong>contact@au2-maisondhotes.com<\/strong>\u00a0<br \/>\r\n\u00a0<br \/>\r\nDirecteur de la\u00a0 publication\u00a0: <strong>Maison d'h\u00f4tes Au2<\/strong><br \/>\r\nContactez le responsable de la publication : <strong>contact@au2-maisondhotes.com<\/strong><\/p>\r\n\r\n<p style=\"text-align:justify\">\u00a0<\/p>\r\n\r\n<p style=\"text-align:justify\"><strong>H\u00c9BERGEMENT<\/strong><\/p>\r\n\r\n<p style=\"text-align:justify\">Le site est h\u00e9berg\u00e9\u00a0par\u00a0<strong>OVH 2 rue Kellermann 59100 Roubaix<\/strong><br \/>\r\n<u><strong>CREDITS :<\/strong><\/u> les mentions l\u00e9gales ont \u00e9t\u00e9s g\u00e9n\u00e9r\u00e9es par <strong><a href=\"https:\/\/www.generer-mentions-legales.com\">mentions l\u00e9gales<\/a><\/strong><br \/>\r\n\r\n\t\t<\/div>\n\t\t\t\t<\/div>\n\t\t\t\t\t\t<\/div>\n\t\t\t\t\t<\/div>\n\t\t<\/div>\n\t\t\t\t\t\t\t\t<\/div>\n\t\t\t\t\t<\/div>\n\t\t<\/section>\n\t\t\t\t\t\t\t\t\t<\/div>\n\t\t\t<\/div>\n\t\t\t\t\t<\/div>","protected":false},"excerpt":{"rendered":"<p>MENTIONS LEGALES : \u00a0 Conform\u00e9ment aux dispositions des articles 6-III et 19 de la Loi n\u00b0 2004-575 du 21 juin 2004 pour la Confiance dans l&#8217;\u00e9conomie num\u00e9rique, dite L.C.E.N., nous portons \u00e0 la connaissance des utilisateurs et visiteurs du site : au2-maisondhotes.com les informations suivantes : \u00c9DITEUR Le site au2-maisondhotes.com\u00a0est la propri\u00e9t\u00e9 exclusive de\u00a0Groupement de &hellip;<\/p>\n<p class=\"read-more\"> <a class=\"\" href=\"https:\/\/au2-maisondhotes.com\/en\/mentions-legales\/\"> <span class=\"screen-reader-text\">Mentions l\u00e9gales<\/span> Read More &raquo;<\/a><\/p>","protected":false},"author":2,"featured_media":0,"parent":0,"menu_order":0,"comment_status":"closed","ping_status":"closed","template":"","meta":{"site-sidebar-layout":"no-sidebar","site-content-layout":"page-builder","ast-global-header-display":"","ast-main-header-display":"","ast-hfb-above-header-display":"","ast-hfb-below-header-display":"","ast-hfb-mobile-header-display":"","site-post-title":"disabled","ast-breadcrumbs-content":"","ast-featured-img":"disabled","footer-sml-layout":"","theme-transparent-header-meta":"","adv-header-id-meta":"","stick-header-meta":"","header-above-stick-meta":"","header-main-stick-meta":"","header-below-stick-meta":"","footnotes":""},"class_list":["post-1524","page","type-page","status-publish","hentry"],"yoast_head":"<!-- This site is optimized with the Yoast SEO plugin v20.1 - https:\/\/yoast.com\/wordpress\/plugins\/seo\/ -->\n<title>Mentions l\u00e9gales - Au2<\/title>\n<meta name=\"robots\" content=\"index, follow, max-snippet:-1, max-image-preview:large, max-video-preview:-1\" \/>\n<link rel=\"canonical\" href=\"https:\/\/au2-maisondhotes.com\/en\/mentions-legales\/\" \/>\n<meta property=\"og:locale\" content=\"en_GB\" \/>\n<meta property=\"og:type\" content=\"article\" \/>\n<meta property=\"og:title\" content=\"Mentions l\u00e9gales - Au2\" \/>\n<meta property=\"og:description\" content=\"MENTIONS LEGALES : \u00a0 Conform\u00e9ment aux dispositions des articles 6-III et 19 de la Loi n\u00b0 2004-575 du 21 juin 2004 pour la Confiance dans l&#8217;\u00e9conomie num\u00e9rique, dite L.C.E.N., nous portons \u00e0 la connaissance des utilisateurs et visiteurs du site : au2-maisondhotes.com les informations suivantes : \u00c9DITEUR Le site au2-maisondhotes.com\u00a0est la propri\u00e9t\u00e9 exclusive de\u00a0Groupement de &hellip; Mentions l\u00e9gales Read More &raquo;\" \/>\n<meta property=\"og:url\" content=\"https:\/\/au2-maisondhotes.com\/en\/mentions-legales\/\" \/>\n<meta property=\"og:site_name\" content=\"Au2\" \/>\n<meta property=\"article:modified_time\" content=\"2020-11-29T15:54:52+00:00\" \/>\n<meta name=\"twitter:card\" content=\"summary_large_image\" \/>\n<meta name=\"twitter:label1\" content=\"Estimated reading time\" \/>\n\t<meta name=\"twitter:data1\" content=\"1 minute\" \/>\n<!-- \/ Yoast SEO plugin. -->","yoast_head_json":{"title":"Mentions l\u00e9gales - Au2","robots":{"index":"index","follow":"follow","max-snippet":"max-snippet:-1","max-image-preview":"max-image-preview:large","max-video-preview":"max-video-preview:-1"},"canonical":"https:\/\/au2-maisondhotes.com\/en\/mentions-legales\/","og_locale":"en_GB","og_type":"article","og_title":"Mentions l\u00e9gales - Au2","og_description":"MENTIONS LEGALES : \u00a0 Conform\u00e9ment aux dispositions des articles 6-III et 19 de la Loi n\u00b0 2004-575 du 21 juin 2004 pour la Confiance dans l&#8217;\u00e9conomie num\u00e9rique, dite L.C.E.N., nous portons \u00e0 la connaissance des utilisateurs et visiteurs du site : au2-maisondhotes.com les informations suivantes : \u00c9DITEUR Le site au2-maisondhotes.com\u00a0est la propri\u00e9t\u00e9 exclusive de\u00a0Groupement de &hellip; Mentions l\u00e9gales Read More &raquo;","og_url":"https:\/\/au2-maisondhotes.com\/en\/mentions-legales\/","og_site_name":"Au2","article_modified_time":"2020-11-29T15:54:52+00:00","twitter_card":"summary_large_image","twitter_misc":{"Estimated reading time":"1 minute"},"schema":{"@context":"https:\/\/schema.org","@graph":[{"@type":"WebPage","@id":"https:\/\/au2-maisondhotes.com\/mentions-legales\/","url":"https:\/\/au2-maisondhotes.com\/mentions-legales\/","name":"Mentions l\u00e9gales - Au2","isPartOf":{"@id":"https:\/\/au2-maisondhotes.com\/#website"},"datePublished":"2020-11-29T15:40:56+00:00","dateModified":"2020-11-29T15:54:52+00:00","breadcrumb":{"@id":"https:\/\/au2-maisondhotes.com\/mentions-legales\/#breadcrumb"},"inLanguage":"en-GB","potentialAction":[{"@type":"ReadAction","target":["https:\/\/au2-maisondhotes.com\/mentions-legales\/"]}]},{"@type":"BreadcrumbList","@id":"https:\/\/au2-maisondhotes.com\/mentions-legales\/#breadcrumb","itemListElement":[{"@type":"ListItem","position":1,"name":"Accueil","item":"https:\/\/au2-maisondhotes.com\/"},{"@type":"ListItem","position":2,"name":"Mentions l\u00e9gales"}]},{"@type":"WebSite","@id":"https:\/\/au2-maisondhotes.com\/#website","url":"https:\/\/au2-maisondhotes.com\/","name":"Au2","description":"Maison d&#039;h\u00f4tes","potentialAction":[{"@type":"SearchAction","target":{"@type":"EntryPoint","urlTemplate":"https:\/\/au2-maisondhotes.com\/?s={search_term_string}"},"query-input":"required name=search_term_string"}],"inLanguage":"en-GB"}]}},"_links":{"self":[{"href":"https:\/\/au2-maisondhotes.com\/en\/wp-json\/wp\/v2\/pages\/1524","targetHints":{"allow":["GET"]}}],"collection":[{"href":"https:\/\/au2-maisondhotes.com\/en\/wp-json\/wp\/v2\/pages"}],"about":[{"href":"https:\/\/au2-maisondhotes.com\/en\/wp-json\/wp\/v2\/types\/page"}],"author":[{"embeddable":true,"href":"https:\/\/au2-maisondhotes.com\/en\/wp-json\/wp\/v2\/users\/2"}],"replies":[{"embeddable":true,"href":"https:\/\/au2-maisondhotes.com\/en\/wp-json\/wp\/v2\/comments?post=1524"}],"version-history":[{"count":3,"href":"https:\/\/au2-maisondhotes.com\/en\/wp-json\/wp\/v2\/pages\/1524\/revisions"}],"predecessor-version":[{"id":1527,"href":"https:\/\/au2-maisondhotes.com\/en\/wp-json\/wp\/v2\/pages\/1524\/revisions\/1527"}],"wp:attachment":[{"href":"https:\/\/au2-maisondhotes.com\/en\/wp-json\/wp\/v2\/media?parent=1524"}],"curies":[{"name":"wp","href":"https:\/\/api.w.org\/{rel}","templated":true}]}}